{"id":266,"date":"2023-09-15T12:04:40","date_gmt":"2023-09-15T12:04:40","guid":{"rendered":"https:\/\/portm-wp.laralink.site\/?page_id=266"},"modified":"2024-04-06T14:15:21","modified_gmt":"2024-04-06T11:15:21","slug":"projektai","status":"publish","type":"page","link":"https:\/\/tomaskubilius.com\/en\/projektai\/","title":{"rendered":"Projects"},"content":{"rendered":"<div data-elementor-type=\"wp-page\" data-elementor-id=\"266\" class=\"elementor elementor-266\" data-elementor-post-type=\"page\">\n\t\t\t\t\t\t<section class=\"elementor-section elementor-top-section elementor-element elementor-element-76286de elementor-section-full_width elementor-section-height-default elementor-section-height-default\" data-id=\"76286de\" data-element_type=\"section\">\n\t\t\t\t\t\t<div class=\"elementor-container elementor-column-gap-no\">\n\t\t\t\t\t<div class=\"elementor-column elementor-col-100 elementor-top-column elementor-element elementor-element-30e841b\" data-id=\"30e841b\" data-element_type=\"column\">\n\t\t\t<div class=\"elementor-widget-wrap elementor-element-populated\">\n\t\t\t\t\t\t<div class=\"elementor-element elementor-element-7e0b3cd elementor-widget elementor-widget-portfolio-list\" data-id=\"7e0b3cd\" data-element_type=\"widget\" data-widget_type=\"portfolio-list.default\">\n\t\t\t\t<div class=\"elementor-widget-container\">\n\t\t\t\t\t\n\n        \n        <!-- Start Portfolio Section -->\n        <section class=\"cs_filled_bg cs_100_bg\" data-src=\"https:\/\/tomaskubilius.com\/wp-content\/uploads\/2023\/09\/protfolio_bg2.png\">\n          <div class=\"cs_height_150 cs_height_lg_80\"><\/div>\n          <div class=\"container\">\n            <div class=\"cs_isotop cs_isotop_col_2 cs_has_gutter_80\">\n              <div class=\"cs_grid_sizer\"><\/div>\n               \n              <div class=\"cs_isotop_item\">\n                <div class=\"cs_portfolio cs_style_2\">\n                  <div class=\"cs_section_heading cs_style_1\">\n                                        <p class=\"cs_section_subtitle cs_accent_color_2 cs_font_16 wow fadeInRight\" data-wow-duration=\"0.8s\" data-wow-delay=\"0.2s\">\n                      <span>Projects<\/span>\n                      <svg width=\"20\" height=\"18\" viewbox=\"0 0 20 18\" fill=\"none\" xmlns=\"http:\/\/www.w3.org\/2000\/svg\">\n                        <path fill-rule=\"evenodd\" clip-rule=\"evenodd\"\n                          d=\"M4.19081 0.0804121C2.96402 0.280944 3.78977 1.09487 4.80423 1.23643C5.65354 1.35439 7.28135 1.35439 10.7848 1.34259C15.0549 1.3308 16.8833 1.37797 17.1546 1.49593C17.827 1.80263 18.1219 2.98224 18.3107 6.17896C18.3814 7.31138 18.523 9.01 18.6291 9.95368C18.9594 12.9853 18.6527 13.2802 14.7719 13.4335C13.2738 13.4925 11.3274 13.6104 10.4545 13.693C6.37308 14.0823 3.83693 14.0115 2.42141 13.4453C1.24181 12.9734 1.30081 12.596 1.26542 11.8056C1.18285 10.2722 1.21823 7.14621 1.37157 4.30338C1.50133 1.92058 1.65467 1.44875 2.42141 1.09487C2.89325 0.882538 2.72812 0.634828 2.13831 0.65842C1.25361 0.705604 0.569457 1.0005 0.439701 2.38063C0.274556 4.07926 -0.775323 13.4099 1.11204 14.2002C2.35062 14.7193 4.50929 15.2265 5.3586 15.2265C5.9484 15.2265 5.92485 15.8871 5.33505 16.064C3.9785 16.4533 4.93396 17.397 6.72695 17.4677C10.3601 17.5857 15.6684 17.2908 15.7155 16.9487C15.7627 16.6066 14.996 15.8281 14.5949 15.8281C14.4652 15.8281 14.3826 15.6747 14.3826 15.4506C14.3826 15.1321 14.3826 14.6839 14.7482 14.6839C16.3171 14.6839 17.1546 14.6131 17.6265 14.5069C19.9267 14.0115 20.0211 12.4544 19.9975 11.5461C19.9149 7.8304 19.2189 4.27981 19.2189 3.44229C19.2071 1.99138 18.3578 0.564051 16.5413 0.304539C15.8335 0.092211 5.4058 -0.12012 4.19081 0.0804121ZM10.3484 7.29958C10.2068 7.14623 8.83846 5.62455 8.46099 5.23528C7.98915 4.75164 7.50549 4.90497 6.49103 5.83686C5.97201 6.32049 5.15809 7.04007 4.67446 7.45293C2.99942 8.86845 2.86966 9.50543 4.24979 9.50543C4.72163 9.50543 4.94579 9.34027 6.34951 7.90116C8.1661 6.03739 8.00095 6.04919 9.58161 7.58267C10.6433 8.60892 10.5135 8.62074 12.2357 7.27599C13.722 5.89586 14.5713 4.97576 15.6448 3.90232C16.7064 2.84068 15.0785 2.35704 14.2174 3.08839C13.203 3.92591 10.3601 7.28778 10.3484 7.29958ZM14.1702 6.74517C13.9579 7.28779 14.0641 10.9092 14.3 11.1333C14.878 11.7113 15.2319 10.4727 15.1965 8.01912C15.1729 6.66258 14.5123 5.84868 14.1702 6.74517ZM7.34037 8.21967C6.97469 9.18695 7.28136 11.8293 8.02451 11.6995C8.76766 11.5697 8.26045 8.65611 8.0953 8.23145C7.98914 7.92476 7.45833 7.91298 7.34037 8.21967ZM12.1413 8.49096C11.9408 8.73868 11.7403 10.5671 11.87 11.0625C12.0941 11.9472 13.026 11.5579 13.026 10.5789C13.026 8.93923 12.6014 7.93655 12.1413 8.49096ZM5.42939 9.75316C5.25245 9.9301 5.32322 11.2512 5.53554 11.5343C5.91302 12.0534 6.2433 11.7231 6.2433 10.8148C6.23151 9.87112 5.83046 9.34029 5.42939 9.75316ZM9.49901 9.75316C9.19232 10.0599 9.40464 11.322 9.78211 11.4989C10.3837 11.7703 10.5843 11.0271 10.2186 9.8475C10.1596 9.63517 9.67596 9.57621 9.49901 9.75316ZM12.5424 14.8844C13.0143 15.0142 12.8373 15.4388 12.8845 15.8281L7.43471 15.9224C7.43471 15.8871 7.52912 14.9552 7.52912 15.0142C7.90659 15.0024 11.3628 14.8608 11.8347 14.8254C12.0234 14.8018 12.3537 14.8372 12.5424 14.8844Z\"\n                          fill=\"currentColor\" \/>\n                      <\/svg>\n                    <\/p>\n                                        <h2 class=\"cs_section_title cs_font_48 cs_semi_bold common-heading-title-style2\"><b>My latest<\/b>\n<br><span>Projects<\/span><\/h2> \n                  <\/div>\n                <\/div>\n              <\/div>\n                                                 \n              <div class=\"cs_isotop_item\">\n                <div class=\"cs_portfolio cs_style_2 cs_radius_20 position-relative\">\n                  <div class=\"cs_browser cs_style_1\">\n                    <div class=\"cs_btns\">\n                      <span><\/span><span><\/span><span><\/span>\n                    <\/div>\n                    <div class=\"cs_input_filed w-100\"><\/div>\n                  <\/div>\n                  <a href=\"https:\/\/tomaskubilius.com\/en\/projektas\/beta-lt\/\" class=\"cs_portfolio_thumbnail cs_zoom\">\n                    <img decoding=\"async\" class=\"cs_zoom_in w-100\" src=\"https:\/\/tomaskubilius.com\/wp-content\/uploads\/2023\/09\/beta.jpg\" alt=\"Beta.lt portfolio\">\n                  <\/a>\n                  <div class=\"cs_portfolio_info w-100 cs_white_color cs_medium position-absolute\">\n                    <h2 class=\"cs_font_28 cs_white_color cs_medium mb-0\">Beta.lt Meta Advertising<\/h2>  \n                    <a href=\"https:\/\/tomaskubilius.com\/en\/projektas\/beta-lt\/\"\n                      class=\"cs_font_16 cs_white_color_hover d-inline-flex align-items-center cs_gap_15 cs_medium\">\n                      <span class=\"cs_text_btn cs_secondary_font cs_type_1 text-uppercase\">About the project<\/span>\n                      <svg width=\"5\" height=\"9\" viewbox=\"0 0 5 9\" fill=\"none\" xmlns=\"http:\/\/www.w3.org\/2000\/svg\">\n                        <path d=\"M0 0L5 4.5L0 9L0 0Z\" fill=\"currentColor\" \/>\n                      <\/svg>\n                    <\/a>\n                  <\/div>\n                <\/div>\n              <\/div>\n                                                    \n              <div class=\"cs_isotop_item\">\n                <div class=\"cs_portfolio cs_style_2 cs_radius_20 position-relative\">\n                  <div class=\"cs_browser cs_style_1\">\n                    <div class=\"cs_btns\">\n                      <span><\/span><span><\/span><span><\/span>\n                    <\/div>\n                    <div class=\"cs_input_filed w-100\"><\/div>\n                  <\/div>\n                  <a href=\"https:\/\/tomaskubilius.com\/en\/projektas\/dhl-express-lietuva-linkedin-reklama\/\" class=\"cs_portfolio_thumbnail cs_zoom\">\n                    <img decoding=\"async\" class=\"cs_zoom_in w-100\" src=\"https:\/\/tomaskubilius.com\/wp-content\/uploads\/2024\/03\/dhl.jpg\" alt=\"DHL portfolio\">\n                  <\/a>\n                  <div class=\"cs_portfolio_info w-100 cs_white_color cs_medium position-absolute\">\n                    <h2 class=\"cs_font_28 cs_white_color cs_medium mb-0\">DHL Express Lithuania LinkedIn Advertising<\/h2>  \n                    <a href=\"https:\/\/tomaskubilius.com\/en\/projektas\/dhl-express-lietuva-linkedin-reklama\/\"\n                      class=\"cs_font_16 cs_white_color_hover d-inline-flex align-items-center cs_gap_15 cs_medium\">\n                      <span class=\"cs_text_btn cs_secondary_font cs_type_1 text-uppercase\">About the project<\/span>\n                      <svg width=\"5\" height=\"9\" viewbox=\"0 0 5 9\" fill=\"none\" xmlns=\"http:\/\/www.w3.org\/2000\/svg\">\n                        <path d=\"M0 0L5 4.5L0 9L0 0Z\" fill=\"currentColor\" \/>\n                      <\/svg>\n                    <\/a>\n                  <\/div>\n                <\/div>\n              <\/div>\n                                                    \n              <div class=\"cs_isotop_item\">\n                <div class=\"cs_portfolio cs_style_2 cs_radius_20 position-relative\">\n                  <div class=\"cs_browser cs_style_1\">\n                    <div class=\"cs_btns\">\n                      <span><\/span><span><\/span><span><\/span>\n                    <\/div>\n                    <div class=\"cs_input_filed w-100\"><\/div>\n                  <\/div>\n                  <a href=\"https:\/\/tomaskubilius.com\/en\/projektas\/stokker-meta-reklama\/\" class=\"cs_portfolio_thumbnail cs_zoom\">\n                    <img decoding=\"async\" class=\"cs_zoom_in w-100\" src=\"https:\/\/tomaskubilius.com\/wp-content\/uploads\/2024\/03\/stokker.jpg\" alt=\"Stokker portfolio\">\n                  <\/a>\n                  <div class=\"cs_portfolio_info w-100 cs_white_color cs_medium position-absolute\">\n                    <h2 class=\"cs_font_28 cs_white_color cs_medium mb-0\">Stokker Meta Advertising<\/h2>  \n                    <a href=\"https:\/\/tomaskubilius.com\/en\/projektas\/stokker-meta-reklama\/\"\n                      class=\"cs_font_16 cs_white_color_hover d-inline-flex align-items-center cs_gap_15 cs_medium\">\n                      <span class=\"cs_text_btn cs_secondary_font cs_type_1 text-uppercase\">About the project<\/span>\n                      <svg width=\"5\" height=\"9\" viewbox=\"0 0 5 9\" fill=\"none\" xmlns=\"http:\/\/www.w3.org\/2000\/svg\">\n                        <path d=\"M0 0L5 4.5L0 9L0 0Z\" fill=\"currentColor\" \/>\n                      <\/svg>\n                    <\/a>\n                  <\/div>\n                <\/div>\n              <\/div>\n                                                    \n              <div class=\"cs_isotop_item\">\n                <div class=\"cs_portfolio cs_style_2 cs_radius_20 position-relative\">\n                  <div class=\"cs_browser cs_style_1\">\n                    <div class=\"cs_btns\">\n                      <span><\/span><span><\/span><span><\/span>\n                    <\/div>\n                    <div class=\"cs_input_filed w-100\"><\/div>\n                  <\/div>\n                  <a href=\"https:\/\/tomaskubilius.com\/en\/projektas\/top-dog-bistro\/\" class=\"cs_portfolio_thumbnail cs_zoom\">\n                    <img decoding=\"async\" class=\"cs_zoom_in w-100\" src=\"https:\/\/tomaskubilius.com\/wp-content\/uploads\/2024\/03\/top-dog-1.png\" alt=\"Top Dog portfolio\">\n                  <\/a>\n                  <div class=\"cs_portfolio_info w-100 cs_white_color cs_medium position-absolute\">\n                    <h2 class=\"cs_font_28 cs_white_color cs_medium mb-0\">Top Dog Bistro<\/h2>  \n                    <a href=\"https:\/\/tomaskubilius.com\/en\/projektas\/top-dog-bistro\/\"\n                      class=\"cs_font_16 cs_white_color_hover d-inline-flex align-items-center cs_gap_15 cs_medium\">\n                      <span class=\"cs_text_btn cs_secondary_font cs_type_1 text-uppercase\">About the project<\/span>\n                      <svg width=\"5\" height=\"9\" viewbox=\"0 0 5 9\" fill=\"none\" xmlns=\"http:\/\/www.w3.org\/2000\/svg\">\n                        <path d=\"M0 0L5 4.5L0 9L0 0Z\" fill=\"currentColor\" \/>\n                      <\/svg>\n                    <\/a>\n                  <\/div>\n                <\/div>\n              <\/div>\n                                                    <\/div>\n          <\/div>\n          <div class=\"cs_height_150 cs_height_lg_80\"><\/div>\n        <\/section>\n        <!-- End Portfolio Section -->\n\n        \n    \t\t\t\t<\/div>\n\t\t\t\t<\/div>\n\t\t\t\t\t<\/div>\n\t\t<\/div>\n\t\t\t\t\t<\/div>\n\t\t<\/section>\n\t\t\t\t<\/div>","protected":false},"excerpt":{"rendered":"<p>Projektai Mano naujausi Projektai Beta.lt Meta Reklama Apie projekt\u0105 DHL Express Lietuva Linkedin Reklama Apie projekt\u0105 Stokker Meta Reklama Apie projekt\u0105 Top Dog Bistro Apie projekt\u0105<\/p>","protected":false},"author":1,"featured_media":1160,"parent":0,"menu_order":0,"comment_status":"closed","ping_status":"closed","template":"elementor_header_footer","meta":{"_acf_changed":false,"footnotes":""},"class_list":["post-266","page","type-page","status-publish","has-post-thumbnail","hentry"],"acf":[],"yoast_head":"<!-- This site is optimized with the Yoast SEO plugin v24.6 - https:\/\/yoast.com\/wordpress\/plugins\/seo\/ -->\n<title>Projektai - Tomas Kubilius<\/title>\n<meta name=\"description\" content=\"D\u017eiaugiuosi, jog teko prisid\u0117ti prie \u0161i\u0173 preki\u0173 \u017eenkl\u0173 s\u0117km\u0117s istorij\u0173: Stokker, DHL Express, Beta.lt, Knygyn\u0173 tinklas Vaga, Top Dog Bistro, bei daugelio kit\u0173.\" \/>\n<meta name=\"robots\" content=\"index, follow, max-snippet:-1, max-image-preview:large, max-video-preview:-1\" \/>\n<link rel=\"canonical\" href=\"https:\/\/tomaskubilius.com\/en\/projektai\/\" \/>\n<meta property=\"og:locale\" content=\"en_GB\" \/>\n<meta property=\"og:type\" content=\"article\" \/>\n<meta property=\"og:title\" content=\"Projektai - Tomas Kubilius\" \/>\n<meta property=\"og:description\" content=\"D\u017eiaugiuosi, jog teko prisid\u0117ti prie \u0161i\u0173 preki\u0173 \u017eenkl\u0173 s\u0117km\u0117s istorij\u0173: Stokker, DHL Express, Beta.lt, Knygyn\u0173 tinklas Vaga, Top Dog Bistro, bei daugelio kit\u0173.\" \/>\n<meta property=\"og:url\" content=\"https:\/\/tomaskubilius.com\/en\/projektai\/\" \/>\n<meta property=\"og:site_name\" content=\"Tomas Kubilius\" \/>\n<meta property=\"article:modified_time\" content=\"2024-04-06T11:15:21+00:00\" \/>\n<meta property=\"og:image\" content=\"https:\/\/tomaskubilius.com\/wp-content\/uploads\/2024\/04\/cropped-tomas-kubilius-profile-e1712179013467.jpg\" \/>\n\t<meta property=\"og:image:width\" content=\"634\" \/>\n\t<meta property=\"og:image:height\" content=\"634\" \/>\n\t<meta property=\"og:image:type\" content=\"image\/jpeg\" \/>\n<meta name=\"twitter:card\" content=\"summary_large_image\" \/>\n<meta name=\"twitter:label1\" content=\"Estimated reading time\" \/>\n\t<meta name=\"twitter:data1\" content=\"1 minute\" \/>\n<script type=\"application\/ld+json\" class=\"yoast-schema-graph\">{\"@context\":\"https:\/\/schema.org\",\"@graph\":[{\"@type\":\"WebPage\",\"@id\":\"https:\/\/tomaskubilius.com\/projektai\/\",\"url\":\"https:\/\/tomaskubilius.com\/projektai\/\",\"name\":\"Projektai - Tomas Kubilius\",\"isPartOf\":{\"@id\":\"https:\/\/tomaskubilius.com\/#website\"},\"primaryImageOfPage\":{\"@id\":\"https:\/\/tomaskubilius.com\/projektai\/#primaryimage\"},\"image\":{\"@id\":\"https:\/\/tomaskubilius.com\/projektai\/#primaryimage\"},\"thumbnailUrl\":\"https:\/\/tomaskubilius.com\/wp-content\/uploads\/2024\/04\/cropped-tomas-kubilius-profile-e1712179013467.jpg\",\"datePublished\":\"2023-09-15T12:04:40+00:00\",\"dateModified\":\"2024-04-06T11:15:21+00:00\",\"description\":\"D\u017eiaugiuosi, jog teko prisid\u0117ti prie \u0161i\u0173 preki\u0173 \u017eenkl\u0173 s\u0117km\u0117s istorij\u0173: Stokker, DHL Express, Beta.lt, Knygyn\u0173 tinklas Vaga, Top Dog Bistro, bei daugelio kit\u0173.\",\"breadcrumb\":{\"@id\":\"https:\/\/tomaskubilius.com\/projektai\/#breadcrumb\"},\"inLanguage\":\"en-GB\",\"potentialAction\":[{\"@type\":\"ReadAction\",\"target\":[\"https:\/\/tomaskubilius.com\/projektai\/\"]}]},{\"@type\":\"ImageObject\",\"inLanguage\":\"en-GB\",\"@id\":\"https:\/\/tomaskubilius.com\/projektai\/#primaryimage\",\"url\":\"https:\/\/tomaskubilius.com\/wp-content\/uploads\/2024\/04\/cropped-tomas-kubilius-profile-e1712179013467.jpg\",\"contentUrl\":\"https:\/\/tomaskubilius.com\/wp-content\/uploads\/2024\/04\/cropped-tomas-kubilius-profile-e1712179013467.jpg\",\"width\":634,\"height\":634},{\"@type\":\"BreadcrumbList\",\"@id\":\"https:\/\/tomaskubilius.com\/projektai\/#breadcrumb\",\"itemListElement\":[{\"@type\":\"ListItem\",\"position\":1,\"name\":\"Prad\u017eia\",\"item\":\"https:\/\/tomaskubilius.com\/\"},{\"@type\":\"ListItem\",\"position\":2,\"name\":\"Projektai\"}]},{\"@type\":\"WebSite\",\"@id\":\"https:\/\/tomaskubilius.com\/#website\",\"url\":\"https:\/\/tomaskubilius.com\/\",\"name\":\"Tomas Kubilius\",\"description\":\"Skaitmenin\u0117s rinkodaros specialistas\",\"publisher\":{\"@id\":\"https:\/\/tomaskubilius.com\/#\/schema\/person\/0b4cb3662a82579228e5786d2e80a9a5\"},\"potentialAction\":[{\"@type\":\"SearchAction\",\"target\":{\"@type\":\"EntryPoint\",\"urlTemplate\":\"https:\/\/tomaskubilius.com\/?s={search_term_string}\"},\"query-input\":{\"@type\":\"PropertyValueSpecification\",\"valueRequired\":true,\"valueName\":\"search_term_string\"}}],\"inLanguage\":\"en-GB\"},{\"@type\":[\"Person\",\"Organization\"],\"@id\":\"https:\/\/tomaskubilius.com\/#\/schema\/person\/0b4cb3662a82579228e5786d2e80a9a5\",\"name\":\"Tomas Kubilius\",\"image\":{\"@type\":\"ImageObject\",\"inLanguage\":\"en-GB\",\"@id\":\"https:\/\/tomaskubilius.com\/#\/schema\/person\/image\/\",\"url\":\"https:\/\/tomaskubilius.com\/wp-content\/uploads\/2024\/04\/cropped-cropped-tomas-kubilius-profile-e1712179013467.jpg\",\"contentUrl\":\"https:\/\/tomaskubilius.com\/wp-content\/uploads\/2024\/04\/cropped-cropped-tomas-kubilius-profile-e1712179013467.jpg\",\"width\":522,\"height\":522,\"caption\":\"Tomas Kubilius\"},\"logo\":{\"@id\":\"https:\/\/tomaskubilius.com\/#\/schema\/person\/image\/\"},\"sameAs\":[\"https:\/\/tomaskubilius.com\"]}]}<\/script>\n<!-- \/ Yoast SEO plugin. -->","yoast_head_json":{"title":"Projektai - Tomas Kubilius","description":"D\u017eiaugiuosi, jog teko prisid\u0117ti prie \u0161i\u0173 preki\u0173 \u017eenkl\u0173 s\u0117km\u0117s istorij\u0173: Stokker, DHL Express, Beta.lt, Knygyn\u0173 tinklas Vaga, Top Dog Bistro, bei daugelio kit\u0173.","robots":{"index":"index","follow":"follow","max-snippet":"max-snippet:-1","max-image-preview":"max-image-preview:large","max-video-preview":"max-video-preview:-1"},"canonical":"https:\/\/tomaskubilius.com\/en\/projektai\/","og_locale":"en_GB","og_type":"article","og_title":"Projektai - Tomas Kubilius","og_description":"D\u017eiaugiuosi, jog teko prisid\u0117ti prie \u0161i\u0173 preki\u0173 \u017eenkl\u0173 s\u0117km\u0117s istorij\u0173: Stokker, DHL Express, Beta.lt, Knygyn\u0173 tinklas Vaga, Top Dog Bistro, bei daugelio kit\u0173.","og_url":"https:\/\/tomaskubilius.com\/en\/projektai\/","og_site_name":"Tomas Kubilius","article_modified_time":"2024-04-06T11:15:21+00:00","og_image":[{"width":634,"height":634,"url":"https:\/\/tomaskubilius.com\/wp-content\/uploads\/2024\/04\/cropped-tomas-kubilius-profile-e1712179013467.jpg","type":"image\/jpeg"}],"twitter_card":"summary_large_image","twitter_misc":{"Estimated reading time":"1 minute"},"schema":{"@context":"https:\/\/schema.org","@graph":[{"@type":"WebPage","@id":"https:\/\/tomaskubilius.com\/projektai\/","url":"https:\/\/tomaskubilius.com\/projektai\/","name":"Projektai - Tomas Kubilius","isPartOf":{"@id":"https:\/\/tomaskubilius.com\/#website"},"primaryImageOfPage":{"@id":"https:\/\/tomaskubilius.com\/projektai\/#primaryimage"},"image":{"@id":"https:\/\/tomaskubilius.com\/projektai\/#primaryimage"},"thumbnailUrl":"https:\/\/tomaskubilius.com\/wp-content\/uploads\/2024\/04\/cropped-tomas-kubilius-profile-e1712179013467.jpg","datePublished":"2023-09-15T12:04:40+00:00","dateModified":"2024-04-06T11:15:21+00:00","description":"D\u017eiaugiuosi, jog teko prisid\u0117ti prie \u0161i\u0173 preki\u0173 \u017eenkl\u0173 s\u0117km\u0117s istorij\u0173: Stokker, DHL Express, Beta.lt, Knygyn\u0173 tinklas Vaga, Top Dog Bistro, bei daugelio kit\u0173.","breadcrumb":{"@id":"https:\/\/tomaskubilius.com\/projektai\/#breadcrumb"},"inLanguage":"en-GB","potentialAction":[{"@type":"ReadAction","target":["https:\/\/tomaskubilius.com\/projektai\/"]}]},{"@type":"ImageObject","inLanguage":"en-GB","@id":"https:\/\/tomaskubilius.com\/projektai\/#primaryimage","url":"https:\/\/tomaskubilius.com\/wp-content\/uploads\/2024\/04\/cropped-tomas-kubilius-profile-e1712179013467.jpg","contentUrl":"https:\/\/tomaskubilius.com\/wp-content\/uploads\/2024\/04\/cropped-tomas-kubilius-profile-e1712179013467.jpg","width":634,"height":634},{"@type":"BreadcrumbList","@id":"https:\/\/tomaskubilius.com\/projektai\/#breadcrumb","itemListElement":[{"@type":"ListItem","position":1,"name":"Prad\u017eia","item":"https:\/\/tomaskubilius.com\/"},{"@type":"ListItem","position":2,"name":"Projektai"}]},{"@type":"WebSite","@id":"https:\/\/tomaskubilius.com\/#website","url":"https:\/\/tomaskubilius.com\/","name":"Tomas Kubilius","description":"Skaitmenin\u0117s rinkodaros specialistas","publisher":{"@id":"https:\/\/tomaskubilius.com\/#\/schema\/person\/0b4cb3662a82579228e5786d2e80a9a5"},"potentialAction":[{"@type":"SearchAction","target":{"@type":"EntryPoint","urlTemplate":"https:\/\/tomaskubilius.com\/?s={search_term_string}"},"query-input":{"@type":"PropertyValueSpecification","valueRequired":true,"valueName":"search_term_string"}}],"inLanguage":"en-GB"},{"@type":["Person","Organization"],"@id":"https:\/\/tomaskubilius.com\/#\/schema\/person\/0b4cb3662a82579228e5786d2e80a9a5","name":"Tomas Kubilius","image":{"@type":"ImageObject","inLanguage":"en-GB","@id":"https:\/\/tomaskubilius.com\/#\/schema\/person\/image\/","url":"https:\/\/tomaskubilius.com\/wp-content\/uploads\/2024\/04\/cropped-cropped-tomas-kubilius-profile-e1712179013467.jpg","contentUrl":"https:\/\/tomaskubilius.com\/wp-content\/uploads\/2024\/04\/cropped-cropped-tomas-kubilius-profile-e1712179013467.jpg","width":522,"height":522,"caption":"Tomas Kubilius"},"logo":{"@id":"https:\/\/tomaskubilius.com\/#\/schema\/person\/image\/"},"sameAs":["https:\/\/tomaskubilius.com"]}]}},"_links":{"self":[{"href":"https:\/\/tomaskubilius.com\/en\/wp-json\/wp\/v2\/pages\/266","targetHints":{"allow":["GET"]}}],"collection":[{"href":"https:\/\/tomaskubilius.com\/en\/wp-json\/wp\/v2\/pages"}],"about":[{"href":"https:\/\/tomaskubilius.com\/en\/wp-json\/wp\/v2\/types\/page"}],"author":[{"embeddable":true,"href":"https:\/\/tomaskubilius.com\/en\/wp-json\/wp\/v2\/users\/1"}],"replies":[{"embeddable":true,"href":"https:\/\/tomaskubilius.com\/en\/wp-json\/wp\/v2\/comments?post=266"}],"version-history":[{"count":49,"href":"https:\/\/tomaskubilius.com\/en\/wp-json\/wp\/v2\/pages\/266\/revisions"}],"predecessor-version":[{"id":1311,"href":"https:\/\/tomaskubilius.com\/en\/wp-json\/wp\/v2\/pages\/266\/revisions\/1311"}],"wp:featuredmedia":[{"embeddable":true,"href":"https:\/\/tomaskubilius.com\/en\/wp-json\/wp\/v2\/media\/1160"}],"wp:attachment":[{"href":"https:\/\/tomaskubilius.com\/en\/wp-json\/wp\/v2\/media?parent=266"}],"curies":[{"name":"wp","href":"https:\/\/api.w.org\/{rel}","templated":true}]}}