{"id":288,"date":"2023-09-15T12:18:20","date_gmt":"2023-09-15T12:18:20","guid":{"rendered":"https:\/\/portm-wp.laralink.site\/?page_id=288"},"modified":"2024-04-04T19:50:35","modified_gmt":"2024-04-04T16:50:35","slug":"atsiliepimai","status":"publish","type":"page","link":"https:\/\/tomaskubilius.com\/en\/atsiliepimai\/","title":{"rendered":"Reviews"},"content":{"rendered":"<div data-elementor-type=\"wp-page\" data-elementor-id=\"288\" class=\"elementor elementor-288\" data-elementor-post-type=\"page\">\n\t\t\t\t\t\t<section class=\"elementor-section elementor-top-section elementor-element elementor-element-7d22083 elementor-section-full_width elementor-section-height-default elementor-section-height-default\" data-id=\"7d22083\" data-element_type=\"section\">\n\t\t\t\t\t\t<div class=\"elementor-container elementor-column-gap-no\">\n\t\t\t\t\t<div class=\"elementor-column elementor-col-100 elementor-top-column elementor-element elementor-element-7067da3\" data-id=\"7067da3\" data-element_type=\"column\">\n\t\t\t<div class=\"elementor-widget-wrap elementor-element-populated\">\n\t\t\t\t\t\t<div class=\"elementor-element elementor-element-028c7cd elementor-widget elementor-widget-testimonial\" data-id=\"028c7cd\" data-element_type=\"widget\" data-widget_type=\"testimonial.default\">\n\t\t\t\t<div class=\"elementor-widget-container\">\n\t\t\t\t\t\n        \n        <!-- Start Testimonial Section -->\n        <section class=\"position-relative\">\n          <div class=\"cs_height_145 cs_height_lg_80\"><\/div>\n          <div class=\"container\">\n                        <div class=\"row cs_gap_70\">\n                          <div class=\"col-lg-6\">\n                <div class=\"cs_testimonial cs_style_2 cs_radius_20 cs_white_bg cs_transition_3 cs_transform_up_hover_3\">\n                  <div class=\"cs_testimonial_in\">\n                    <div class=\"cs_testimonial_img overflow-hidden\">\n                      <img decoding=\"async\" class=\"h-100 w-100\" src=\"https:\/\/tomaskubilius.com\/wp-content\/uploads\/2024\/03\/egle-pilypaite.jpg\" alt=\"Egl\u0117 Pilypait\u0117g\">\n                    <\/div>\n                    <div class=\"cs_testimonial_info\">\n                      <img decoding=\"async\" class=\"cs_testimonial_quote\" src=\"https:\/\/tomaskubilius.com\/wp-content\/themes\/portm\/assets\/img\/icon\/Quote.svg\" alt=\"Testmonial Quote\">\n                                              <p class=\"cs_testimonial_text\">I can wholeheartedly recommend Tom. We are currently collaborating on five different projects. He is responsible, meticulous, and very proactive. He consistently meets agreed-upon deadlines and frequently offers new ideas. Additionally, he always responds kindly to all client inquiries.<\/p>\n                                                              <div class=\"cs_testimonial_author\">\n                        <div class=\"cs_author_name cs_font_20 cs_semi_bold\">Egl\u0117 Pilypait\u0117<\/div>\n                                                <div class=\"cs_author_designation cs_font_16\">CEO | Marketing Engineer<\/div>\n                                              <\/div>\n                                        <\/div>\n                  <\/div>\n                <\/div>\n              <\/div>\n                          <div class=\"col-lg-6\">\n                <div class=\"cs_testimonial cs_style_2 cs_radius_20 cs_white_bg cs_transition_3 cs_transform_up_hover_3\">\n                  <div class=\"cs_testimonial_in\">\n                    <div class=\"cs_testimonial_img overflow-hidden\">\n                      <img decoding=\"async\" class=\"h-100 w-100\" src=\"https:\/\/tomaskubilius.com\/wp-content\/uploads\/2024\/03\/raimundas-adomaitis.jpg\" alt=\"Raimundas Adomaitisg\">\n                    <\/div>\n                    <div class=\"cs_testimonial_info\">\n                      <img decoding=\"async\" class=\"cs_testimonial_quote\" src=\"https:\/\/tomaskubilius.com\/wp-content\/themes\/portm\/assets\/img\/icon\/Quote.svg\" alt=\"Testmonial Quote\">\n                                              <p class=\"cs_testimonial_text\">We have been working together for two years now and are very satisfied with the responsibility, flexibility, and client approach demonstrated, as well as the solutions proposed for problems and the generation of new ideas. It is truly a pleasure to work with a professional in his field!<\/p>\n                                                              <div class=\"cs_testimonial_author\">\n                        <div class=\"cs_author_name cs_font_20 cs_semi_bold\">Raimondas Adomaitis<\/div>\n                                                <div class=\"cs_author_designation cs_font_16\">CEO | Beta.lt<\/div>\n                                              <\/div>\n                                        <\/div>\n                  <\/div>\n                <\/div>\n              <\/div>\n                          <div class=\"col-lg-6\">\n                <div class=\"cs_testimonial cs_style_2 cs_radius_20 cs_white_bg cs_transition_3 cs_transform_up_hover_3\">\n                  <div class=\"cs_testimonial_in\">\n                    <div class=\"cs_testimonial_img overflow-hidden\">\n                      <img decoding=\"async\" class=\"h-100 w-100\" src=\"https:\/\/tomaskubilius.com\/wp-content\/uploads\/2024\/04\/woman-icon.png\" alt=\"g\">\n                    <\/div>\n                    <div class=\"cs_testimonial_info\">\n                      <img decoding=\"async\" class=\"cs_testimonial_quote\" src=\"https:\/\/tomaskubilius.com\/wp-content\/themes\/portm\/assets\/img\/icon\/Quote.svg\" alt=\"Testmonial Quote\">\n                                              <p class=\"cs_testimonial_text\">Tomas is an organised, flexible and focused advertising specialist, so the work was carried out quickly and to a high standard throughout the cooperation. Thank you very much!<\/p>\n                                                              <div class=\"cs_testimonial_author\">\n                        <div class=\"cs_author_name cs_font_20 cs_semi_bold\">Laura Kitkevi\u010d<\/div>\n                                                <div class=\"cs_author_designation cs_font_16\">Marketing Specialist | Vaga.lt<\/div>\n                                              <\/div>\n                                        <\/div>\n                  <\/div>\n                <\/div>\n              <\/div>\n                          <div class=\"col-lg-6\">\n                <div class=\"cs_testimonial cs_style_2 cs_radius_20 cs_white_bg cs_transition_3 cs_transform_up_hover_3\">\n                  <div class=\"cs_testimonial_in\">\n                    <div class=\"cs_testimonial_img overflow-hidden\">\n                      <img decoding=\"async\" class=\"h-100 w-100\" src=\"https:\/\/tomaskubilius.com\/wp-content\/uploads\/2024\/04\/woman-icon.png\" alt=\"g\">\n                    <\/div>\n                    <div class=\"cs_testimonial_info\">\n                      <img decoding=\"async\" class=\"cs_testimonial_quote\" src=\"https:\/\/tomaskubilius.com\/wp-content\/themes\/portm\/assets\/img\/icon\/Quote.svg\" alt=\"Testmonial Quote\">\n                                              <p class=\"cs_testimonial_text\">I would recommend Tom to anyone looking for an experienced Facebook advertising specialist. His work has helped us significantly increase our customer traffic and sales. I am grateful for the excellent cooperation and really appreciate Tom's contribution to the growth of our business!<\/p>\n                                                              <div class=\"cs_testimonial_author\">\n                        <div class=\"cs_author_name cs_font_20 cs_semi_bold\">Asta Dvari\u0161kien\u0117<\/div>\n                                                <div class=\"cs_author_designation cs_font_16\">Director | Baltv\u0117ja.lt<\/div>\n                                              <\/div>\n                                        <\/div>\n                  <\/div>\n                <\/div>\n              <\/div>\n                          <div class=\"col-lg-6\">\n                <div class=\"cs_testimonial cs_style_2 cs_radius_20 cs_white_bg cs_transition_3 cs_transform_up_hover_3\">\n                  <div class=\"cs_testimonial_in\">\n                    <div class=\"cs_testimonial_img overflow-hidden\">\n                      <img decoding=\"async\" class=\"h-100 w-100\" src=\"https:\/\/tomaskubilius.com\/wp-content\/uploads\/2024\/04\/woman-icon.png\" alt=\"g\">\n                    <\/div>\n                    <div class=\"cs_testimonial_info\">\n                      <img decoding=\"async\" class=\"cs_testimonial_quote\" src=\"https:\/\/tomaskubilius.com\/wp-content\/themes\/portm\/assets\/img\/icon\/Quote.svg\" alt=\"Testmonial Quote\">\n                                              <p class=\"cs_testimonial_text\">Tom is an exceptional Facebook and Google advertising specialist who has been able to clearly improve our online visibility strategy. Thanks to his insights and creativity, our ads reached our target audiences more efficiently and our sales increased significantly.<\/p>\n                                                              <div class=\"cs_testimonial_author\">\n                        <div class=\"cs_author_name cs_font_20 cs_semi_bold\">Indr\u0117 Daujotien\u0117<\/div>\n                                                <div class=\"cs_author_designation cs_font_16\">Owner | Topdogbistro.lt<\/div>\n                                              <\/div>\n                                        <\/div>\n                  <\/div>\n                <\/div>\n              <\/div>\n                        <\/div>\n          <\/div>\n          <div class=\"cs_height_125 cs_height_lg_55\"><\/div>\n        <\/section>\n        <!-- End Testimonial Section -->\n\n        \n    \t\t\t\t<\/div>\n\t\t\t\t<\/div>\n\t\t\t\t\t<\/div>\n\t\t<\/div>\n\t\t\t\t\t<\/div>\n\t\t<\/section>\n\t\t\t\t<\/div>","protected":false},"excerpt":{"rendered":"<p>Galiu nuo\u0161ird\u017eiai rekomenduoti Tom\u0105, \u0161iuo metu kartu dirbame su penkiais skirtingais projektas. Atsakingas, kruop\u0161tus ir labai iniciatyvius reklamos specialistas. Visada laikosi sutart\u0173 termin\u0173, pasi\u016blo nauj\u0173 id\u0117j\u0173. Maloniai atsako \u012f visus i\u0161kylan\u010dius klient\u0173 klausimus.Egl\u0117 Pilypait\u0117 CEO | Rinkodaros In\u017einierius Kartu dirbame jau 2 metus ir esame patenkinti atsakingumu, lankstumu bei po\u017ei\u016briu \u012f klient\u0105, taip pat si\u016blomais [&hellip;]<\/p>","protected":false},"author":1,"featured_media":1160,"parent":0,"menu_order":0,"comment_status":"closed","ping_status":"closed","template":"elementor_header_footer","meta":{"_acf_changed":false,"footnotes":""},"class_list":["post-288","page","type-page","status-publish","has-post-thumbnail","hentry"],"acf":[],"yoast_head":"<!-- This site is optimized with the Yoast SEO plugin v24.6 - https:\/\/yoast.com\/wordpress\/plugins\/seo\/ -->\n<title>Atsiliepimai - Tomas Kubilius<\/title>\n<meta name=\"description\" content=\"Mano klient\u0173 patirtis: kaip a\u0161 pad\u0117jau pasiekti j\u0173 tikslus.\" \/>\n<meta name=\"robots\" content=\"index, follow, max-snippet:-1, max-image-preview:large, max-video-preview:-1\" \/>\n<link rel=\"canonical\" href=\"https:\/\/tomaskubilius.com\/en\/atsiliepimai\/\" \/>\n<meta property=\"og:locale\" content=\"en_GB\" \/>\n<meta property=\"og:type\" content=\"article\" \/>\n<meta property=\"og:title\" content=\"Atsiliepimai - Tomas Kubilius\" \/>\n<meta property=\"og:description\" content=\"Mano klient\u0173 patirtis: kaip a\u0161 pad\u0117jau pasiekti j\u0173 tikslus.\" \/>\n<meta property=\"og:url\" content=\"https:\/\/tomaskubilius.com\/en\/atsiliepimai\/\" \/>\n<meta property=\"og:site_name\" content=\"Tomas Kubilius\" \/>\n<meta property=\"article:modified_time\" content=\"2024-04-04T16:50:35+00:00\" \/>\n<meta property=\"og:image\" content=\"https:\/\/tomaskubilius.com\/wp-content\/uploads\/2024\/04\/cropped-tomas-kubilius-profile-e1712179013467.jpg\" \/>\n\t<meta property=\"og:image:width\" content=\"634\" \/>\n\t<meta property=\"og:image:height\" content=\"634\" \/>\n\t<meta property=\"og:image:type\" content=\"image\/jpeg\" \/>\n<meta name=\"twitter:card\" content=\"summary_large_image\" \/>\n<meta name=\"twitter:label1\" content=\"Estimated reading time\" \/>\n\t<meta name=\"twitter:data1\" content=\"4 minutes\" \/>\n<script type=\"application\/ld+json\" class=\"yoast-schema-graph\">{\"@context\":\"https:\/\/schema.org\",\"@graph\":[{\"@type\":\"WebPage\",\"@id\":\"https:\/\/tomaskubilius.com\/atsiliepimai\/\",\"url\":\"https:\/\/tomaskubilius.com\/atsiliepimai\/\",\"name\":\"Atsiliepimai - Tomas Kubilius\",\"isPartOf\":{\"@id\":\"https:\/\/tomaskubilius.com\/#website\"},\"primaryImageOfPage\":{\"@id\":\"https:\/\/tomaskubilius.com\/atsiliepimai\/#primaryimage\"},\"image\":{\"@id\":\"https:\/\/tomaskubilius.com\/atsiliepimai\/#primaryimage\"},\"thumbnailUrl\":\"https:\/\/tomaskubilius.com\/wp-content\/uploads\/2024\/04\/cropped-tomas-kubilius-profile-e1712179013467.jpg\",\"datePublished\":\"2023-09-15T12:18:20+00:00\",\"dateModified\":\"2024-04-04T16:50:35+00:00\",\"description\":\"Mano klient\u0173 patirtis: kaip a\u0161 pad\u0117jau pasiekti j\u0173 tikslus.\",\"breadcrumb\":{\"@id\":\"https:\/\/tomaskubilius.com\/atsiliepimai\/#breadcrumb\"},\"inLanguage\":\"en-GB\",\"potentialAction\":[{\"@type\":\"ReadAction\",\"target\":[\"https:\/\/tomaskubilius.com\/atsiliepimai\/\"]}]},{\"@type\":\"ImageObject\",\"inLanguage\":\"en-GB\",\"@id\":\"https:\/\/tomaskubilius.com\/atsiliepimai\/#primaryimage\",\"url\":\"https:\/\/tomaskubilius.com\/wp-content\/uploads\/2024\/04\/cropped-tomas-kubilius-profile-e1712179013467.jpg\",\"contentUrl\":\"https:\/\/tomaskubilius.com\/wp-content\/uploads\/2024\/04\/cropped-tomas-kubilius-profile-e1712179013467.jpg\",\"width\":634,\"height\":634},{\"@type\":\"BreadcrumbList\",\"@id\":\"https:\/\/tomaskubilius.com\/atsiliepimai\/#breadcrumb\",\"itemListElement\":[{\"@type\":\"ListItem\",\"position\":1,\"name\":\"Prad\u017eia\",\"item\":\"https:\/\/tomaskubilius.com\/\"},{\"@type\":\"ListItem\",\"position\":2,\"name\":\"Atsiliepimai\"}]},{\"@type\":\"WebSite\",\"@id\":\"https:\/\/tomaskubilius.com\/#website\",\"url\":\"https:\/\/tomaskubilius.com\/\",\"name\":\"Tomas Kubilius\",\"description\":\"Skaitmenin\u0117s rinkodaros specialistas\",\"publisher\":{\"@id\":\"https:\/\/tomaskubilius.com\/#\/schema\/person\/0b4cb3662a82579228e5786d2e80a9a5\"},\"potentialAction\":[{\"@type\":\"SearchAction\",\"target\":{\"@type\":\"EntryPoint\",\"urlTemplate\":\"https:\/\/tomaskubilius.com\/?s={search_term_string}\"},\"query-input\":{\"@type\":\"PropertyValueSpecification\",\"valueRequired\":true,\"valueName\":\"search_term_string\"}}],\"inLanguage\":\"en-GB\"},{\"@type\":[\"Person\",\"Organization\"],\"@id\":\"https:\/\/tomaskubilius.com\/#\/schema\/person\/0b4cb3662a82579228e5786d2e80a9a5\",\"name\":\"Tomas Kubilius\",\"image\":{\"@type\":\"ImageObject\",\"inLanguage\":\"en-GB\",\"@id\":\"https:\/\/tomaskubilius.com\/#\/schema\/person\/image\/\",\"url\":\"https:\/\/tomaskubilius.com\/wp-content\/uploads\/2024\/04\/cropped-cropped-tomas-kubilius-profile-e1712179013467.jpg\",\"contentUrl\":\"https:\/\/tomaskubilius.com\/wp-content\/uploads\/2024\/04\/cropped-cropped-tomas-kubilius-profile-e1712179013467.jpg\",\"width\":522,\"height\":522,\"caption\":\"Tomas Kubilius\"},\"logo\":{\"@id\":\"https:\/\/tomaskubilius.com\/#\/schema\/person\/image\/\"},\"sameAs\":[\"https:\/\/tomaskubilius.com\"]}]}<\/script>\n<!-- \/ Yoast SEO plugin. -->","yoast_head_json":{"title":"Atsiliepimai - Tomas Kubilius","description":"Mano klient\u0173 patirtis: kaip a\u0161 pad\u0117jau pasiekti j\u0173 tikslus.","robots":{"index":"index","follow":"follow","max-snippet":"max-snippet:-1","max-image-preview":"max-image-preview:large","max-video-preview":"max-video-preview:-1"},"canonical":"https:\/\/tomaskubilius.com\/en\/atsiliepimai\/","og_locale":"en_GB","og_type":"article","og_title":"Atsiliepimai - Tomas Kubilius","og_description":"Mano klient\u0173 patirtis: kaip a\u0161 pad\u0117jau pasiekti j\u0173 tikslus.","og_url":"https:\/\/tomaskubilius.com\/en\/atsiliepimai\/","og_site_name":"Tomas Kubilius","article_modified_time":"2024-04-04T16:50:35+00:00","og_image":[{"width":634,"height":634,"url":"https:\/\/tomaskubilius.com\/wp-content\/uploads\/2024\/04\/cropped-tomas-kubilius-profile-e1712179013467.jpg","type":"image\/jpeg"}],"twitter_card":"summary_large_image","twitter_misc":{"Estimated reading time":"4 minutes"},"schema":{"@context":"https:\/\/schema.org","@graph":[{"@type":"WebPage","@id":"https:\/\/tomaskubilius.com\/atsiliepimai\/","url":"https:\/\/tomaskubilius.com\/atsiliepimai\/","name":"Atsiliepimai - Tomas Kubilius","isPartOf":{"@id":"https:\/\/tomaskubilius.com\/#website"},"primaryImageOfPage":{"@id":"https:\/\/tomaskubilius.com\/atsiliepimai\/#primaryimage"},"image":{"@id":"https:\/\/tomaskubilius.com\/atsiliepimai\/#primaryimage"},"thumbnailUrl":"https:\/\/tomaskubilius.com\/wp-content\/uploads\/2024\/04\/cropped-tomas-kubilius-profile-e1712179013467.jpg","datePublished":"2023-09-15T12:18:20+00:00","dateModified":"2024-04-04T16:50:35+00:00","description":"Mano klient\u0173 patirtis: kaip a\u0161 pad\u0117jau pasiekti j\u0173 tikslus.","breadcrumb":{"@id":"https:\/\/tomaskubilius.com\/atsiliepimai\/#breadcrumb"},"inLanguage":"en-GB","potentialAction":[{"@type":"ReadAction","target":["https:\/\/tomaskubilius.com\/atsiliepimai\/"]}]},{"@type":"ImageObject","inLanguage":"en-GB","@id":"https:\/\/tomaskubilius.com\/atsiliepimai\/#primaryimage","url":"https:\/\/tomaskubilius.com\/wp-content\/uploads\/2024\/04\/cropped-tomas-kubilius-profile-e1712179013467.jpg","contentUrl":"https:\/\/tomaskubilius.com\/wp-content\/uploads\/2024\/04\/cropped-tomas-kubilius-profile-e1712179013467.jpg","width":634,"height":634},{"@type":"BreadcrumbList","@id":"https:\/\/tomaskubilius.com\/atsiliepimai\/#breadcrumb","itemListElement":[{"@type":"ListItem","position":1,"name":"Prad\u017eia","item":"https:\/\/tomaskubilius.com\/"},{"@type":"ListItem","position":2,"name":"Atsiliepimai"}]},{"@type":"WebSite","@id":"https:\/\/tomaskubilius.com\/#website","url":"https:\/\/tomaskubilius.com\/","name":"Tomas Kubilius","description":"Skaitmenin\u0117s rinkodaros specialistas","publisher":{"@id":"https:\/\/tomaskubilius.com\/#\/schema\/person\/0b4cb3662a82579228e5786d2e80a9a5"},"potentialAction":[{"@type":"SearchAction","target":{"@type":"EntryPoint","urlTemplate":"https:\/\/tomaskubilius.com\/?s={search_term_string}"},"query-input":{"@type":"PropertyValueSpecification","valueRequired":true,"valueName":"search_term_string"}}],"inLanguage":"en-GB"},{"@type":["Person","Organization"],"@id":"https:\/\/tomaskubilius.com\/#\/schema\/person\/0b4cb3662a82579228e5786d2e80a9a5","name":"Tomas Kubilius","image":{"@type":"ImageObject","inLanguage":"en-GB","@id":"https:\/\/tomaskubilius.com\/#\/schema\/person\/image\/","url":"https:\/\/tomaskubilius.com\/wp-content\/uploads\/2024\/04\/cropped-cropped-tomas-kubilius-profile-e1712179013467.jpg","contentUrl":"https:\/\/tomaskubilius.com\/wp-content\/uploads\/2024\/04\/cropped-cropped-tomas-kubilius-profile-e1712179013467.jpg","width":522,"height":522,"caption":"Tomas Kubilius"},"logo":{"@id":"https:\/\/tomaskubilius.com\/#\/schema\/person\/image\/"},"sameAs":["https:\/\/tomaskubilius.com"]}]}},"_links":{"self":[{"href":"https:\/\/tomaskubilius.com\/en\/wp-json\/wp\/v2\/pages\/288","targetHints":{"allow":["GET"]}}],"collection":[{"href":"https:\/\/tomaskubilius.com\/en\/wp-json\/wp\/v2\/pages"}],"about":[{"href":"https:\/\/tomaskubilius.com\/en\/wp-json\/wp\/v2\/types\/page"}],"author":[{"embeddable":true,"href":"https:\/\/tomaskubilius.com\/en\/wp-json\/wp\/v2\/users\/1"}],"replies":[{"embeddable":true,"href":"https:\/\/tomaskubilius.com\/en\/wp-json\/wp\/v2\/comments?post=288"}],"version-history":[{"count":10,"href":"https:\/\/tomaskubilius.com\/en\/wp-json\/wp\/v2\/pages\/288\/revisions"}],"predecessor-version":[{"id":1259,"href":"https:\/\/tomaskubilius.com\/en\/wp-json\/wp\/v2\/pages\/288\/revisions\/1259"}],"wp:featuredmedia":[{"embeddable":true,"href":"https:\/\/tomaskubilius.com\/en\/wp-json\/wp\/v2\/media\/1160"}],"wp:attachment":[{"href":"https:\/\/tomaskubilius.com\/en\/wp-json\/wp\/v2\/media?parent=288"}],"curies":[{"name":"wp","href":"https:\/\/api.w.org\/{rel}","templated":true}]}}