{"id":301,"date":"2023-09-15T12:23:54","date_gmt":"2023-09-15T12:23:54","guid":{"rendered":"https:\/\/portm-wp.laralink.site\/?page_id=301"},"modified":"2024-04-11T18:16:37","modified_gmt":"2024-04-11T15:16:37","slug":"duk","status":"publish","type":"page","link":"https:\/\/tomaskubilius.com\/en\/duk\/","title":{"rendered":"D.U.K"},"content":{"rendered":"<div data-elementor-type=\"wp-page\" data-elementor-id=\"301\" class=\"elementor elementor-301\" data-elementor-post-type=\"page\">\n\t\t\t\t\t\t<section class=\"elementor-section elementor-top-section elementor-element elementor-element-cdd8164 elementor-section-full_width elementor-section-height-default elementor-section-height-default\" data-id=\"cdd8164\" data-element_type=\"section\">\n\t\t\t\t\t\t<div class=\"elementor-container elementor-column-gap-no\">\n\t\t\t\t\t<div class=\"elementor-column elementor-col-100 elementor-top-column elementor-element elementor-element-63651d7\" data-id=\"63651d7\" data-element_type=\"column\">\n\t\t\t<div class=\"elementor-widget-wrap elementor-element-populated\">\n\t\t\t\t\t\t<div class=\"elementor-element elementor-element-23a3094 elementor-widget elementor-widget-tp-faq\" data-id=\"23a3094\" data-element_type=\"widget\" data-widget_type=\"tp-faq.default\">\n\t\t\t\t<div class=\"elementor-widget-container\">\n\t\t\t\t\t\n    <section>\n      <div class=\"cs_height_90 cs_height_lg_90\"><\/div>\n      <div class=\"container\">\n        <div class=\"row\">\n          <div class=\"col-12\">\n                        <div class=\"cs_section_heading cs_style_1 text-center\">\n                \n                 <h2 class=\"cs_section_title cs_font_48 cs_semi_bold common-heading-title-style\">Frequently asked questions  <b>Questions<\/b><\/h2>            \n              <div class=\"cs_height_20 cs_height_lg_20\"><\/div>\n                             <div class=\"cs_height_40 cs_height_lg_40\"><\/div>\n            <\/div>\n                        <div class=\"cs_form cs_style_1 cs_white_bg cs_radius_10\">\n                \n<div class=\"wpcf7 no-js\" id=\"wpcf7-f360-o1\" lang=\"en-US\" dir=\"ltr\" data-wpcf7-id=\"360\">\n<div class=\"screen-reader-response\"><p role=\"status\" aria-live=\"polite\" aria-atomic=\"true\"><\/p> <ul><\/ul><\/div>\n<form action=\"\/en\/wp-json\/wp\/v2\/pages\/301#wpcf7-f360-o1\" method=\"post\" class=\"wpcf7-form init\" aria-label=\"Contact form\" novalidate=\"novalidate\" data-status=\"init\" data-trp-original-action=\"\/en\/wp-json\/wp\/v2\/pages\/301#wpcf7-f360-o1\">\n<div style=\"display: none;\">\n<input type=\"hidden\" name=\"_wpcf7\" value=\"360\" \/>\n<input type=\"hidden\" name=\"_wpcf7_version\" value=\"6.0.5\" \/>\n<input type=\"hidden\" name=\"_wpcf7_locale\" value=\"en_US\" \/>\n<input type=\"hidden\" name=\"_wpcf7_unit_tag\" value=\"wpcf7-f360-o1\" \/>\n<input type=\"hidden\" name=\"_wpcf7_container_post\" value=\"0\" \/>\n<input type=\"hidden\" name=\"_wpcf7_posted_data_hash\" value=\"\" \/>\n<input type=\"hidden\" name=\"_wpcf7_recaptcha_response\" value=\"\" \/>\n<\/div>\n<h4 class=\"cs_form_title cs_font_24 cs_semi_bold\">Ask your question<\/h4>\n<div class=\"row\">\n<div class=\"col-lg-6\">\n<span class=\"wpcf7-form-control-wrap\" data-name=\"faq-name\"><input size=\"40\" maxlength=\"400\" class=\"wpcf7-form-control wpcf7-text wpcf7-validates-as-required form-control\" aria-required=\"true\" aria-invalid=\"false\" placeholder=\"Name\" value=\"\" type=\"text\" name=\"faq-name\" \/><\/span>\n<\/div>      \n<div class=\"col-lg-6\">\n<span class=\"wpcf7-form-control-wrap\" data-name=\"email\"><input size=\"40\" maxlength=\"400\" class=\"wpcf7-form-control wpcf7-email wpcf7-validates-as-required wpcf7-text wpcf7-validates-as-email form-control\" aria-required=\"true\" aria-invalid=\"false\" placeholder=\"Email\" value=\"\" type=\"email\" name=\"email\" \/><\/span>\n<\/div>\n <div class=\"col-lg-12\">\n<span class=\"wpcf7-form-control-wrap\" data-name=\"Yourmessage\"><textarea cols=\"30\" rows=\"5\" maxlength=\"2000\" class=\"wpcf7-form-control wpcf7-textarea wpcf7-validates-as-required form-control\" aria-required=\"true\" aria-invalid=\"false\" placeholder=\"Message to\" name=\"Yourmessage\"><\/textarea><\/span>\n <\/div>\n <\/div>\n<input class=\"wpcf7-form-control wpcf7-submit has-spinner cs_btn cs_style_1 cs_primary_font\" type=\"submit\" value=\"Contact\" \/>\n<div class=\"row\">\n<div class=\"cs_height_25 cs_height_lg_25\"><\/div>\n<div class=\"col-12\">\n\t\t<small>This website uses reCAPTCHA, which is covered by Google\n    <a href=\"https:\/\/policies.google.com\/privacy\" class=\"cs_accent_color_2 cs_accent_color_hover cs_text_btn\">Privacy Policy<\/a> and\n    <a href=\"https:\/\/policies.google.com\/terms\" class=\"cs_accent_color_2 cs_accent_color_hover cs_text_btn\">Terms of service<\/a>.\n<\/small>\n<\/div>\n<\/div><div class=\"wpcf7-response-output\" aria-hidden=\"true\"><\/div>\n<input type=\"hidden\" name=\"trp-form-language\" value=\"en\"\/><\/form>\n<\/div>\n            <\/div>\n            <div class=\"cs_faq_wrap\">\n             \n              <div class=\"cs_faq cs_style_1 cs_radius_10\">\n                <h4 class=\"cs_faq_title cs_semi_bold cs_font_20\">HOW QUICKLY CAN YOU EXPECT ADVERTISING RESULTS?<\/h4>\n                <p class=\"cs_faq_text m-0\">The effectiveness of advertising can vary depending on the work you have done in the past. Sometimes there are sudden results, but most of the time we see positive changes after a period of preparation and testing.\nMy aim is to achieve long-term success rather than short-term success, based on continuous improvement of advertising campaigns. Experience has shown that this strategy ensures sustainable growth. <\/p>\n              <\/div>\n             \n              <div class=\"cs_faq cs_style_1 cs_radius_10\">\n                <h4 class=\"cs_faq_title cs_semi_bold cs_font_20\">WHAT BUDGET IS REQUIRED?<\/h4>\n                <p class=\"cs_faq_text m-0\">The advertising investment is divided into two parts: a monthly management fee and funds for advertising channels. You set the budget size, and I provide recommendations based on your advertising goals. Throughout the process, I offer advice on budget allocation to appropriate advertising channels.<\/p>\n              <\/div>\n             \n              <div class=\"cs_faq cs_style_1 cs_radius_10\">\n                <h4 class=\"cs_faq_title cs_semi_bold cs_font_20\">HOW FEES ARE PAID?<\/h4>\n                <p class=\"cs_faq_text m-0\">Upon initiating our collaboration, expenses are divided into an administrative fee and a budget for advertising channels, which is paid directly (for example, to Google, Facebook, Omnisend). It is recommended to have a separate payment card for settling payments with these channels.<\/p>\n              <\/div>\n             \n              <div class=\"cs_faq cs_style_1 cs_radius_10\">\n                <h4 class=\"cs_faq_title cs_semi_bold cs_font_20\">WHAT IS RECOMMENDED TO HAVE BEFORE STARTING?<\/h4>\n                <p class=\"cs_faq_text m-0\"><p>Must-have:<\/p>\n<ul>\n    <li>A website is essential to make the most of advertising opportunities;<\/li>\n    <li>Facebook page, advertising and business accounts;&nbsp;<\/li>\n    <li>Profiles on your preferred social media platforms (Instagram, Pinterest, Twitter, etc.);<\/li>\n    <li>Google Analytics account;<\/li>\n    <li>Google Ads account;<\/li>\n    <li>Your accumulated email database;<\/li>\n    <li>Existing customers database<\/li>\n<\/ul><\/p>\n              <\/div>\n             \n              <div class=\"cs_faq cs_style_1 cs_radius_10\">\n                <h4 class=\"cs_faq_title cs_semi_bold cs_font_20\">INVOICING?<\/h4>\n                <p class=\"cs_faq_text m-0\">At the end of each month, an invoice is issued for the administrative services provided.<\/p>\n              <\/div>\n             \n              <div class=\"cs_faq cs_style_1 cs_radius_10\">\n                <h4 class=\"cs_faq_title cs_semi_bold cs_font_20\">THE NEED TO SIGN A CONTRACT?<\/h4>\n                <p class=\"cs_faq_text m-0\">The service contract is an essential part of our cooperation.<\/p>\n              <\/div>\n            \n            <\/div>\n          <\/div>\n        <\/div>\n      <\/div>\n\n    <\/section>\n\n\n\t\t\t\t\t<\/div>\n\t\t\t\t<\/div>\n\t\t\t\t\t<\/div>\n\t\t<\/div>\n\t\t\t\t\t<\/div>\n\t\t<\/section>\n\t\t\t\t<\/div>","protected":false},"excerpt":{"rendered":"<p>Da\u017eniausiai u\u017eduodami klausimai U\u017eduokite savo klausim\u0105 KAIP GREITAI GALIMA TIK\u0116TIS REKLAMOS REZULTAT\u0172? Reklamos efektyvumas gali skirtis priklausomai nuo anks\u010diau \u012fd\u0117to darbo. Kartais pasitaiko, kad reklama duoda staigius rezultatus, ta\u010diau da\u017eniausiai teigiamus poky\u010dius pastebime po i\u0161ankstinio parengimo ir bandym\u0173 etapo. Mano tikslas \u2013 siekti ilgalaiki\u0173, o ne trumpalaiki\u0173 s\u0117kmi\u0173, remiantis nuolatiniu reklamos kampanij\u0173 tobulinimu. Patirtis rodo, [&hellip;]<\/p>","protected":false},"author":1,"featured_media":1160,"parent":0,"menu_order":0,"comment_status":"closed","ping_status":"closed","template":"elementor_header_footer","meta":{"_acf_changed":false,"footnotes":""},"class_list":["post-301","page","type-page","status-publish","has-post-thumbnail","hentry"],"acf":[],"yoast_head":"<!-- This site is optimized with the Yoast SEO plugin v24.6 - https:\/\/yoast.com\/wordpress\/plugins\/seo\/ -->\n<title>D.U.K - Tomas Kubilius<\/title>\n<meta name=\"description\" content=\"Atsakymai \u012f da\u017eniausiai u\u017eduodamus klausimus.\" \/>\n<meta name=\"robots\" content=\"index, follow, max-snippet:-1, max-image-preview:large, max-video-preview:-1\" \/>\n<link rel=\"canonical\" href=\"https:\/\/tomaskubilius.com\/en\/duk\/\" \/>\n<meta property=\"og:locale\" content=\"en_GB\" \/>\n<meta property=\"og:type\" content=\"article\" \/>\n<meta property=\"og:title\" content=\"D.U.K - Tomas Kubilius\" \/>\n<meta property=\"og:description\" content=\"Atsakymai \u012f da\u017eniausiai u\u017eduodamus klausimus.\" \/>\n<meta property=\"og:url\" content=\"https:\/\/tomaskubilius.com\/en\/duk\/\" \/>\n<meta property=\"og:site_name\" content=\"Tomas Kubilius\" \/>\n<meta property=\"article:modified_time\" content=\"2024-04-11T15:16:37+00:00\" \/>\n<meta property=\"og:image\" content=\"https:\/\/tomaskubilius.com\/wp-content\/uploads\/2024\/04\/cropped-tomas-kubilius-profile-e1712179013467.jpg\" \/>\n\t<meta property=\"og:image:width\" content=\"634\" \/>\n\t<meta property=\"og:image:height\" content=\"634\" \/>\n\t<meta property=\"og:image:type\" content=\"image\/jpeg\" \/>\n<meta name=\"twitter:card\" content=\"summary_large_image\" \/>\n<meta name=\"twitter:label1\" content=\"Estimated reading time\" \/>\n\t<meta name=\"twitter:data1\" content=\"2 minutes\" \/>\n<script type=\"application\/ld+json\" class=\"yoast-schema-graph\">{\"@context\":\"https:\/\/schema.org\",\"@graph\":[{\"@type\":\"WebPage\",\"@id\":\"https:\/\/tomaskubilius.com\/duk\/\",\"url\":\"https:\/\/tomaskubilius.com\/duk\/\",\"name\":\"D.U.K - Tomas Kubilius\",\"isPartOf\":{\"@id\":\"https:\/\/tomaskubilius.com\/#website\"},\"primaryImageOfPage\":{\"@id\":\"https:\/\/tomaskubilius.com\/duk\/#primaryimage\"},\"image\":{\"@id\":\"https:\/\/tomaskubilius.com\/duk\/#primaryimage\"},\"thumbnailUrl\":\"https:\/\/tomaskubilius.com\/wp-content\/uploads\/2024\/04\/cropped-tomas-kubilius-profile-e1712179013467.jpg\",\"datePublished\":\"2023-09-15T12:23:54+00:00\",\"dateModified\":\"2024-04-11T15:16:37+00:00\",\"description\":\"Atsakymai \u012f da\u017eniausiai u\u017eduodamus klausimus.\",\"breadcrumb\":{\"@id\":\"https:\/\/tomaskubilius.com\/duk\/#breadcrumb\"},\"inLanguage\":\"en-GB\",\"potentialAction\":[{\"@type\":\"ReadAction\",\"target\":[\"https:\/\/tomaskubilius.com\/duk\/\"]}]},{\"@type\":\"ImageObject\",\"inLanguage\":\"en-GB\",\"@id\":\"https:\/\/tomaskubilius.com\/duk\/#primaryimage\",\"url\":\"https:\/\/tomaskubilius.com\/wp-content\/uploads\/2024\/04\/cropped-tomas-kubilius-profile-e1712179013467.jpg\",\"contentUrl\":\"https:\/\/tomaskubilius.com\/wp-content\/uploads\/2024\/04\/cropped-tomas-kubilius-profile-e1712179013467.jpg\",\"width\":634,\"height\":634},{\"@type\":\"BreadcrumbList\",\"@id\":\"https:\/\/tomaskubilius.com\/duk\/#breadcrumb\",\"itemListElement\":[{\"@type\":\"ListItem\",\"position\":1,\"name\":\"Prad\u017eia\",\"item\":\"https:\/\/tomaskubilius.com\/\"},{\"@type\":\"ListItem\",\"position\":2,\"name\":\"D.U.K\"}]},{\"@type\":\"WebSite\",\"@id\":\"https:\/\/tomaskubilius.com\/#website\",\"url\":\"https:\/\/tomaskubilius.com\/\",\"name\":\"Tomas Kubilius\",\"description\":\"Skaitmenin\u0117s rinkodaros specialistas\",\"publisher\":{\"@id\":\"https:\/\/tomaskubilius.com\/#\/schema\/person\/0b4cb3662a82579228e5786d2e80a9a5\"},\"potentialAction\":[{\"@type\":\"SearchAction\",\"target\":{\"@type\":\"EntryPoint\",\"urlTemplate\":\"https:\/\/tomaskubilius.com\/?s={search_term_string}\"},\"query-input\":{\"@type\":\"PropertyValueSpecification\",\"valueRequired\":true,\"valueName\":\"search_term_string\"}}],\"inLanguage\":\"en-GB\"},{\"@type\":[\"Person\",\"Organization\"],\"@id\":\"https:\/\/tomaskubilius.com\/#\/schema\/person\/0b4cb3662a82579228e5786d2e80a9a5\",\"name\":\"Tomas Kubilius\",\"image\":{\"@type\":\"ImageObject\",\"inLanguage\":\"en-GB\",\"@id\":\"https:\/\/tomaskubilius.com\/#\/schema\/person\/image\/\",\"url\":\"https:\/\/tomaskubilius.com\/wp-content\/uploads\/2024\/04\/cropped-cropped-tomas-kubilius-profile-e1712179013467.jpg\",\"contentUrl\":\"https:\/\/tomaskubilius.com\/wp-content\/uploads\/2024\/04\/cropped-cropped-tomas-kubilius-profile-e1712179013467.jpg\",\"width\":522,\"height\":522,\"caption\":\"Tomas Kubilius\"},\"logo\":{\"@id\":\"https:\/\/tomaskubilius.com\/#\/schema\/person\/image\/\"},\"sameAs\":[\"https:\/\/tomaskubilius.com\"]}]}<\/script>\n<!-- \/ Yoast SEO plugin. -->","yoast_head_json":{"title":"D.U.K - Tomas Kubilius","description":"Atsakymai \u012f da\u017eniausiai u\u017eduodamus klausimus.","robots":{"index":"index","follow":"follow","max-snippet":"max-snippet:-1","max-image-preview":"max-image-preview:large","max-video-preview":"max-video-preview:-1"},"canonical":"https:\/\/tomaskubilius.com\/en\/duk\/","og_locale":"en_GB","og_type":"article","og_title":"D.U.K - Tomas Kubilius","og_description":"Atsakymai \u012f da\u017eniausiai u\u017eduodamus klausimus.","og_url":"https:\/\/tomaskubilius.com\/en\/duk\/","og_site_name":"Tomas Kubilius","article_modified_time":"2024-04-11T15:16:37+00:00","og_image":[{"width":634,"height":634,"url":"https:\/\/tomaskubilius.com\/wp-content\/uploads\/2024\/04\/cropped-tomas-kubilius-profile-e1712179013467.jpg","type":"image\/jpeg"}],"twitter_card":"summary_large_image","twitter_misc":{"Estimated reading time":"2 minutes"},"schema":{"@context":"https:\/\/schema.org","@graph":[{"@type":"WebPage","@id":"https:\/\/tomaskubilius.com\/duk\/","url":"https:\/\/tomaskubilius.com\/duk\/","name":"D.U.K - Tomas Kubilius","isPartOf":{"@id":"https:\/\/tomaskubilius.com\/#website"},"primaryImageOfPage":{"@id":"https:\/\/tomaskubilius.com\/duk\/#primaryimage"},"image":{"@id":"https:\/\/tomaskubilius.com\/duk\/#primaryimage"},"thumbnailUrl":"https:\/\/tomaskubilius.com\/wp-content\/uploads\/2024\/04\/cropped-tomas-kubilius-profile-e1712179013467.jpg","datePublished":"2023-09-15T12:23:54+00:00","dateModified":"2024-04-11T15:16:37+00:00","description":"Atsakymai \u012f da\u017eniausiai u\u017eduodamus klausimus.","breadcrumb":{"@id":"https:\/\/tomaskubilius.com\/duk\/#breadcrumb"},"inLanguage":"en-GB","potentialAction":[{"@type":"ReadAction","target":["https:\/\/tomaskubilius.com\/duk\/"]}]},{"@type":"ImageObject","inLanguage":"en-GB","@id":"https:\/\/tomaskubilius.com\/duk\/#primaryimage","url":"https:\/\/tomaskubilius.com\/wp-content\/uploads\/2024\/04\/cropped-tomas-kubilius-profile-e1712179013467.jpg","contentUrl":"https:\/\/tomaskubilius.com\/wp-content\/uploads\/2024\/04\/cropped-tomas-kubilius-profile-e1712179013467.jpg","width":634,"height":634},{"@type":"BreadcrumbList","@id":"https:\/\/tomaskubilius.com\/duk\/#breadcrumb","itemListElement":[{"@type":"ListItem","position":1,"name":"Prad\u017eia","item":"https:\/\/tomaskubilius.com\/"},{"@type":"ListItem","position":2,"name":"D.U.K"}]},{"@type":"WebSite","@id":"https:\/\/tomaskubilius.com\/#website","url":"https:\/\/tomaskubilius.com\/","name":"Tomas Kubilius","description":"Skaitmenin\u0117s rinkodaros specialistas","publisher":{"@id":"https:\/\/tomaskubilius.com\/#\/schema\/person\/0b4cb3662a82579228e5786d2e80a9a5"},"potentialAction":[{"@type":"SearchAction","target":{"@type":"EntryPoint","urlTemplate":"https:\/\/tomaskubilius.com\/?s={search_term_string}"},"query-input":{"@type":"PropertyValueSpecification","valueRequired":true,"valueName":"search_term_string"}}],"inLanguage":"en-GB"},{"@type":["Person","Organization"],"@id":"https:\/\/tomaskubilius.com\/#\/schema\/person\/0b4cb3662a82579228e5786d2e80a9a5","name":"Tomas Kubilius","image":{"@type":"ImageObject","inLanguage":"en-GB","@id":"https:\/\/tomaskubilius.com\/#\/schema\/person\/image\/","url":"https:\/\/tomaskubilius.com\/wp-content\/uploads\/2024\/04\/cropped-cropped-tomas-kubilius-profile-e1712179013467.jpg","contentUrl":"https:\/\/tomaskubilius.com\/wp-content\/uploads\/2024\/04\/cropped-cropped-tomas-kubilius-profile-e1712179013467.jpg","width":522,"height":522,"caption":"Tomas Kubilius"},"logo":{"@id":"https:\/\/tomaskubilius.com\/#\/schema\/person\/image\/"},"sameAs":["https:\/\/tomaskubilius.com"]}]}},"_links":{"self":[{"href":"https:\/\/tomaskubilius.com\/en\/wp-json\/wp\/v2\/pages\/301","targetHints":{"allow":["GET"]}}],"collection":[{"href":"https:\/\/tomaskubilius.com\/en\/wp-json\/wp\/v2\/pages"}],"about":[{"href":"https:\/\/tomaskubilius.com\/en\/wp-json\/wp\/v2\/types\/page"}],"author":[{"embeddable":true,"href":"https:\/\/tomaskubilius.com\/en\/wp-json\/wp\/v2\/users\/1"}],"replies":[{"embeddable":true,"href":"https:\/\/tomaskubilius.com\/en\/wp-json\/wp\/v2\/comments?post=301"}],"version-history":[{"count":41,"href":"https:\/\/tomaskubilius.com\/en\/wp-json\/wp\/v2\/pages\/301\/revisions"}],"predecessor-version":[{"id":1377,"href":"https:\/\/tomaskubilius.com\/en\/wp-json\/wp\/v2\/pages\/301\/revisions\/1377"}],"wp:featuredmedia":[{"embeddable":true,"href":"https:\/\/tomaskubilius.com\/en\/wp-json\/wp\/v2\/media\/1160"}],"wp:attachment":[{"href":"https:\/\/tomaskubilius.com\/en\/wp-json\/wp\/v2\/media?parent=301"}],"curies":[{"name":"wp","href":"https:\/\/api.w.org\/{rel}","templated":true}]}}