{"id":314,"date":"2023-09-15T12:28:32","date_gmt":"2023-09-15T12:28:32","guid":{"rendered":"https:\/\/portm-wp.laralink.site\/?page_id=314"},"modified":"2024-04-11T23:35:40","modified_gmt":"2024-04-11T20:35:40","slug":"kontaktai","status":"publish","type":"page","link":"https:\/\/tomaskubilius.com\/en\/kontaktai\/","title":{"rendered":"Contact"},"content":{"rendered":"<div data-elementor-type=\"wp-page\" data-elementor-id=\"314\" class=\"elementor elementor-314\" data-elementor-post-type=\"page\">\n\t\t\t\t\t\t<section class=\"elementor-section elementor-top-section elementor-element elementor-element-be43152 elementor-section-full_width elementor-section-height-default elementor-section-height-default\" data-id=\"be43152\" data-element_type=\"section\">\n\t\t\t\t\t\t<div class=\"elementor-container elementor-column-gap-no\">\n\t\t\t\t\t<div class=\"elementor-column elementor-col-100 elementor-top-column elementor-element elementor-element-1096ff1\" data-id=\"1096ff1\" data-element_type=\"column\">\n\t\t\t<div class=\"elementor-widget-wrap elementor-element-populated\">\n\t\t\t\t\t\t<div class=\"elementor-element elementor-element-712ad4a elementor-widget elementor-widget-contact-info\" data-id=\"712ad4a\" data-element_type=\"widget\" data-widget_type=\"contact-info.default\">\n\t\t\t\t<div class=\"elementor-widget-container\">\n\t\t\t\t\t\n\n      <!--Start Iconbox Section-->\n        <section>\n          <div class=\"container\">\n            <div class=\"cs_iconbox_wrap\">\n              <div class=\"row justify-content-md-center cs_gap_40\">\n                                <div class=\"col-xl-4 col-md-6\">\n                  <div class=\"cs_iconbox cs_style_4 cs_radius_10 d-flex cs_gap_30 contact-iconbox-area\">\n                    <div class=\"cs_iconbox_icon\">\n                                                    <img decoding=\"async\" src=\"https:\/\/tomaskubilius.com\/wp-content\/uploads\/2024\/04\/phone-ringing-icon-e1712867729960.png\" alt=\"\">\n                          \n                    <\/div>\n                    <div class=\"cs_iconbox_info\">\n                                          <h4 class=\"cs_iconbox_title cs_font_24 cs_semi_bold\">Telephone no.<\/h4>\n                                                                                    <a class=\"cs_accent_color_2 cs_accent_color_hover cs_text_btn\" href=\"tel:\/\/+37062199667\">+370 621 99667<\/a>\n                                        <\/div>\n                  <\/div>\n                <\/div>\n                                <div class=\"col-xl-4 col-md-6\">\n                  <div class=\"cs_iconbox cs_style_4 cs_radius_10 d-flex cs_gap_30 contact-iconbox-area\">\n                    <div class=\"cs_iconbox_icon\">\n                                                    <img decoding=\"async\" src=\"https:\/\/portm-wp.laralink.site\/wp-content\/uploads\/2023\/09\/Frame-2.png\" alt=\"\">\n                          \n                    <\/div>\n                    <div class=\"cs_iconbox_info\">\n                                          <h4 class=\"cs_iconbox_title cs_font_24 cs_semi_bold\">Email<\/h4>\n                                                                                    <a class=\"cs_accent_color_2 cs_accent_color_hover cs_text_btn\" href=\"mailto:digital@tomaskubilius.com\">digital@tomaskubilius.com<\/a>\n                                        <\/div>\n                  <\/div>\n                <\/div>\n                                <div class=\"col-xl-4 col-md-6\">\n                  <div class=\"cs_iconbox cs_style_4 cs_radius_10 d-flex cs_gap_30 contact-iconbox-area\">\n                    <div class=\"cs_iconbox_icon\">\n                                                    <img decoding=\"async\" src=\"https:\/\/portm-wp.laralink.site\/wp-content\/uploads\/2023\/09\/Frame-1.png\" alt=\"\">\n                          \n                    <\/div>\n                    <div class=\"cs_iconbox_info\">\n                                          <h4 class=\"cs_iconbox_title cs_font_24 cs_semi_bold\">D.U.K<\/h4>\n                                                                                    <a class=\"cs_accent_color_2 cs_accent_color_hover cs_text_btn\" href=\"https:\/\/tomaskubilius.com\/en\/duk\/\">Frequently asked questions<\/a>\n                                        <\/div>\n                  <\/div>\n                <\/div>\n                              <\/div>\n            <\/div>\n          <\/div>\n        <\/section>\n        <!--End Iconbox Section-->\n\n        <!--Start Contact Section-->\n        <section class=\"position-relative\">\n          <div class=\"cs_service_shape_1 position-absolute\">\n            <img decoding=\"async\" src=\"https:\/\/tomaskubilius.com\/wp-content\/themes\/portm\/assets\/img\/service_shape_1.svg\" alt=\"\">\n          <\/div>\n          <div class=\"cs_height_115 cs_height_lg_45\"><\/div>\n          <div class=\"container\">\n            <div class=\"row\">\n              <div class=\"col-lg-12\">\n                                      <h4 class=\"cs_form_title cs_font_36 cs_semi_bold m-0\">Customer questionnaire<\/h4>                    \n                                    <p class=\"cs_form_text\">Interested in my services? Fill in this form and I will contact you.<\/p>\n                                    \n                                <div class=\"cs_height_5 cs_height_lg_5\"><\/div>\n\t\t\t\t<div class=\"cs_form cs_style_1 cs_white_bg cs_radius_10\">\n\t\t\t\t\t\n<div class=\"wpcf7 no-js\" id=\"wpcf7-f819-o1\" lang=\"en-US\" dir=\"ltr\" data-wpcf7-id=\"819\">\n<div class=\"screen-reader-response\"><p role=\"status\" aria-live=\"polite\" aria-atomic=\"true\"><\/p> <ul><\/ul><\/div>\n<form action=\"\/en\/wp-json\/wp\/v2\/pages\/314#wpcf7-f819-o1\" method=\"post\" class=\"wpcf7-form init\" aria-label=\"Contact form\" novalidate=\"novalidate\" data-status=\"init\" data-trp-original-action=\"\/en\/wp-json\/wp\/v2\/pages\/314#wpcf7-f819-o1\">\n<div style=\"display: none;\">\n<input type=\"hidden\" name=\"_wpcf7\" value=\"819\" \/>\n<input type=\"hidden\" name=\"_wpcf7_version\" value=\"6.0.5\" \/>\n<input type=\"hidden\" name=\"_wpcf7_locale\" value=\"en_US\" \/>\n<input type=\"hidden\" name=\"_wpcf7_unit_tag\" value=\"wpcf7-f819-o1\" \/>\n<input type=\"hidden\" name=\"_wpcf7_container_post\" value=\"0\" \/>\n<input type=\"hidden\" name=\"_wpcf7_posted_data_hash\" value=\"\" \/>\n<input type=\"hidden\" name=\"_wpcf7_recaptcha_response\" value=\"\" \/>\n<\/div>\n<div class=\"row\">\n\t<div class=\"col-lg-6\">\n\t\t<label class=\"form-label\">Name <span class=\"text-danger\">*<\/span><\/label>\n\t\t<span class=\"wpcf7-form-control-wrap\" data-name=\"your-name\"><input size=\"40\" maxlength=\"400\" class=\"wpcf7-form-control wpcf7-text wpcf7-validates-as-required form-control\" aria-required=\"true\" aria-invalid=\"false\" placeholder=\"Enter your name\" value=\"\" type=\"text\" name=\"your-name\" \/><\/span>\n\t<\/div>\n\t<div class=\"col-lg-6\">\n\t\t<label class=\"form-label\">Email <span class=\"text-danger\">*<\/span><\/label>\n\t\t<span class=\"wpcf7-form-control-wrap\" data-name=\"email\"><input size=\"40\" maxlength=\"400\" class=\"wpcf7-form-control wpcf7-email wpcf7-validates-as-required wpcf7-text wpcf7-validates-as-email form-control\" aria-required=\"true\" aria-invalid=\"false\" placeholder=\"Enter your surname\" value=\"\" type=\"email\" name=\"email\" \/><\/span>\n\t<\/div>\n\t<div class=\"col-lg-6\">\n\t\t<label class=\"form-label\">Tel. Number <span class=\"text-danger\">*<\/span><\/label>\n\t\t<span class=\"wpcf7-form-control-wrap\" data-name=\"phone\"><input size=\"40\" maxlength=\"400\" class=\"wpcf7-form-control wpcf7-text wpcf7-validates-as-required form-control\" aria-required=\"true\" aria-invalid=\"false\" placeholder=\"Enter your phone number.\" value=\"\" type=\"text\" name=\"phone\" \/><\/span>\n\t<\/div>\n\t<div class=\"col-lg-6\">\n\t\t<label class=\"form-label\">Website link <span class=\"text-danger\">*<\/span><\/label>\n\t\t<span class=\"wpcf7-form-control-wrap\" data-name=\"websiteurl\"><input size=\"40\" maxlength=\"400\" class=\"wpcf7-form-control wpcf7-text wpcf7-validates-as-required form-control\" aria-required=\"true\" aria-invalid=\"false\" placeholder=\"Enter the website link\" value=\"\" type=\"text\" name=\"websiteurl\" \/><\/span>\n\t<\/div>\n<\/div>\n<div class=\"cs_height_25 cs_height_lg_25\"><\/div>\n<div class=\"row\">\n\t<div class=\"col-12\">\n\t\t<label class=\"form-label d-block\">Are you currently generating \u20ac3000+\/month online income or have stable funding?<\/label>\n\t\t<span class=\"wpcf7-form-control-wrap\" data-name=\"radio-361\"><span class=\"wpcf7-form-control wpcf7-radio\"><span class=\"wpcf7-list-item first\"><label><input type=\"radio\" name=\"radio-361\" value=\"Taip\" checked=\"checked\" \/><span class=\"wpcf7-list-item-label\">Yes<\/span><\/label><\/span><span class=\"wpcf7-list-item last\"><label><input type=\"radio\" name=\"radio-361\" value=\"Ne\" \/><span class=\"wpcf7-list-item-label\">No<\/span><\/label><\/span><\/span><\/span>\n\t<\/div>\n<\/div>\n<div class=\"cs_height_25 cs_height_lg_25\"><\/div>\n<div class=\"row\">\n\t<div class=\"col-12\">\n\t\t<label class=\"form-label d-block\">Which advertising channels do you currently use?<\/label>\n\t\t<span class=\"wpcf7-form-control-wrap\" data-name=\"checkbox-363\"><span class=\"wpcf7-form-control wpcf7-checkbox wpcf7-validates-as-required\"><span class=\"wpcf7-list-item first\"><label><input type=\"checkbox\" name=\"checkbox-363[]\" value=\"Facebook\" \/><span class=\"wpcf7-list-item-label\">Facebook<\/span><\/label><\/span><span class=\"wpcf7-list-item\"><label><input type=\"checkbox\" name=\"checkbox-363[]\" value=\"Instagram Ads\" \/><span class=\"wpcf7-list-item-label\">Instagram Ads<\/span><\/label><\/span><span class=\"wpcf7-list-item\"><label><input type=\"checkbox\" name=\"checkbox-363[]\" value=\"Google Ads\" \/><span class=\"wpcf7-list-item-label\">Google Ads<\/span><\/label><\/span><span class=\"wpcf7-list-item\"><label><input type=\"checkbox\" name=\"checkbox-363[]\" value=\"Email marketing\" \/><span class=\"wpcf7-list-item-label\">Email marketing<\/span><\/label><\/span><span class=\"wpcf7-list-item\"><label><input type=\"checkbox\" name=\"checkbox-363[]\" value=\"Influencers\" \/><span class=\"wpcf7-list-item-label\">Influencers<\/span><\/label><\/span><span class=\"wpcf7-list-item last\"><label><input type=\"checkbox\" name=\"checkbox-363[]\" value=\"Nenaudoju\" \/><span class=\"wpcf7-list-item-label\">I don't use<\/span><\/label><\/span><\/span><\/span>\n\t<\/div>\n<\/div>\n<div class=\"cs_height_25 cs_height_lg_25\"><\/div>\n<div class=\"row\">\n\t<div class=\"col-12\">\n\t\t<label class=\"form-label d-block\">Which is your main advertising channel?<\/label>\n\t\t<span class=\"wpcf7-form-control-wrap\" data-name=\"radio-362\"><span class=\"wpcf7-form-control wpcf7-radio\"><span class=\"wpcf7-list-item first\"><label><input type=\"radio\" name=\"radio-362\" value=\"Facebook\" \/><span class=\"wpcf7-list-item-label\">Facebook<\/span><\/label><\/span><span class=\"wpcf7-list-item\"><label><input type=\"radio\" name=\"radio-362\" value=\"Instagram Ads\" \/><span class=\"wpcf7-list-item-label\">Instagram Ads<\/span><\/label><\/span><span class=\"wpcf7-list-item\"><label><input type=\"radio\" name=\"radio-362\" value=\"Google Ads\" \/><span class=\"wpcf7-list-item-label\">Google Ads<\/span><\/label><\/span><span class=\"wpcf7-list-item last\"><label><input type=\"radio\" name=\"radio-362\" value=\"Kitas\" \/><span class=\"wpcf7-list-item-label\">Next<\/span><\/label><\/span><\/span><\/span>\n\t<\/div>\n<\/div>\n<div class=\"cs_height_25 cs_height_lg_25\"><\/div>\n<div class=\"row\">\n\t<div class=\"col-12\">\n\t\t<label class=\"form-label d-block\">What services are you interested in?<\/label>\n\t\t<span class=\"wpcf7-form-control-wrap\" data-name=\"checkbox-364\"><span class=\"wpcf7-form-control wpcf7-checkbox wpcf7-validates-as-required\"><span class=\"wpcf7-list-item first\"><label><input type=\"checkbox\" name=\"checkbox-364[]\" value=\"Facebook, Instagram ads (kaina nuo 400 Eur)\" \/><span class=\"wpcf7-list-item-label\">Facebook, Instagram ads (price from 400 Eur)<\/span><\/label><\/span><span class=\"wpcf7-list-item\"><label><input type=\"checkbox\" name=\"checkbox-364[]\" value=\"Google ads (kaina nuo 200 Eur)\" \/><span class=\"wpcf7-list-item-label\">Google ads (price from 200 Eur)<\/span><\/label><\/span><span class=\"wpcf7-list-item\"><label><input type=\"checkbox\" name=\"checkbox-364[]\" value=\"Komunikacija socialiniuose tinkluose (kaina nuo 300 Eur)\" \/><span class=\"wpcf7-list-item-label\">Social media communication (price from 300 Eur)<\/span><\/label><\/span><span class=\"wpcf7-list-item\"><label><input type=\"checkbox\" name=\"checkbox-364[]\" value=\"Email marketing (kaina nuo 300 Eur)\" \/><span class=\"wpcf7-list-item-label\">Email marketing (price from 300 Eur)<\/span><\/label><\/span><span class=\"wpcf7-list-item\"><label><input type=\"checkbox\" name=\"checkbox-364[]\" value=\"LinkedIn Ads (kaina nuo 400 Eur)\" \/><span class=\"wpcf7-list-item-label\">LinkedIn Ads (price from 400 Eur)<\/span><\/label><\/span><span class=\"wpcf7-list-item last\"><label><input type=\"checkbox\" name=\"checkbox-364[]\" value=\"Kita\" \/><span class=\"wpcf7-list-item-label\">Other<\/span><\/label><\/span><\/span><\/span>\n\t<\/div>\n<\/div>\n<div class=\"cs_height_25 cs_height_lg_25\"><\/div>\n<div class=\"row\">\n\t<div class=\"col-lg-6\">\n\t\t<label class=\"form-label\">What percentage of sales do you intend to spend on advertising each month? <span class=\"text-danger\">*<\/span><\/label>\n\t\t<span class=\"wpcf7-form-control-wrap\" data-name=\"text-256\"><input size=\"40\" maxlength=\"400\" class=\"wpcf7-form-control wpcf7-text wpcf7-validates-as-required form-control\" aria-required=\"true\" aria-invalid=\"false\" placeholder=\"Enter a number\" value=\"\" type=\"text\" name=\"text-256\" \/><\/span>\n\t<\/div>\n\t<div class=\"col-lg-6\">\n\t\t<label class=\"form-label\">What is your initial monthly advertising budget? <span class=\"text-danger\">*<\/span><br>&nbsp;<\/label>\n\t\t<span class=\"wpcf7-form-control-wrap\" data-name=\"text-254\"><input size=\"40\" maxlength=\"400\" class=\"wpcf7-form-control wpcf7-text wpcf7-validates-as-required form-control\" aria-required=\"true\" aria-invalid=\"false\" placeholder=\"Enter the amount\" value=\"\" type=\"text\" name=\"text-254\" \/><\/span>\n\t<\/div>\n\t<div class=\"col-12\">\n\t\t<label class=\"form-label\">When would you like to start work? <span class=\"text-danger\">*<\/span><\/label>\n\t\t<span class=\"wpcf7-form-control-wrap\" data-name=\"text-250\"><input size=\"40\" maxlength=\"400\" class=\"wpcf7-form-control wpcf7-text wpcf7-validates-as-required form-control\" aria-required=\"true\" aria-invalid=\"false\" placeholder=\"Enter text\" value=\"\" type=\"text\" name=\"text-250\" \/><\/span>\n\t<\/div>\n<\/div>\n<div class=\"row\">\n\t<div class=\"col-12\">\n\t\t<span class=\"wpcf7-form-control-wrap\" data-name=\"acceptance-408\"><span class=\"wpcf7-form-control wpcf7-acceptance\"><span class=\"wpcf7-list-item\"><label><input type=\"checkbox\" name=\"acceptance-408\" value=\"1\" aria-invalid=\"false\" \/><span class=\"wpcf7-list-item-label\">I agree to the use of the data provided in this questionnaire for the purpose of submitting a cooperation offer. <a href=\"https:\/\/tomaskubilius.com\/en\/privatumo-politika\/\" class=\"cs_accent_color_2 cs_accent_color_hover cs_text_btn\">Privacy Policy<\/a><\/span><\/label><\/span><\/span><\/span>\n\t<div>\n<\/div>\n<div class=\"cs_height_25 cs_height_lg_25\"><\/div>\n<div class=\"row\">\n\t<div class=\"col-12\">\n\t\t<input class=\"wpcf7-form-control wpcf7-submit has-spinner cs_btn cs_style_1 cs_primary_font\" type=\"submit\" value=\"Contact\" \/>\n\t<\/div>\n<\/div>\n<div class=\"row\">\n<div class=\"cs_height_25 cs_height_lg_25\"><\/div>\n<div class=\"col-12\">\n\t\t<small>This website uses reCAPTCHA, which is covered by Google\n    <a href=\"https:\/\/policies.google.com\/privacy\" class=\"cs_accent_color_2 cs_accent_color_hover cs_text_btn\">Privacy Policy<\/a> and\n    <a href=\"https:\/\/policies.google.com\/terms\" class=\"cs_accent_color_2 cs_accent_color_hover cs_text_btn\">Terms of service<\/a>.\n<\/small>\n<\/div>\n<\/div><div class=\"wpcf7-response-output\" aria-hidden=\"true\"><\/div>\n<input type=\"hidden\" name=\"trp-form-language\" value=\"en\"\/><\/form>\n<\/div>\n\t\t\t\t<\/div>\n\n              <\/div>\n            <\/div>\n          <\/div>\n          <div class=\"cs_height_150 cs_height_lg_80\"><\/div>\n        <\/section>\n        <!--End Contact Section-->\n\n    \t\t\t\t<\/div>\n\t\t\t\t<\/div>\n\t\t\t\t\t<\/div>\n\t\t<\/div>\n\t\t\t\t\t<\/div>\n\t\t<\/section>\n\t\t\t\t<\/div>","protected":false},"excerpt":{"rendered":"<p>Telefono nr. +370 621 99667 El. pa\u0161tas digital@tomaskubilius.com D.U.K Da\u017eniausiai u\u017eduodami klausimai Kliento anketa Domina mano paslaugos? U\u017epildykite \u0161i\u0105 anket\u0105 ir a\u0161 su Jumis susisieksiu. Vardas * Pavard\u0117 * Tel. Numeris * Svetain\u0117s nuoroda * Ar \u0161iuo metu generuojate 3000+ Eur \/ m\u0117n. pajam\u0173 internetu arba turite stabil\u0173 finansavim\u0105? TaipNe Kuriuos reklamos kanalus \u0161iuo metu [&hellip;]<\/p>","protected":false},"author":1,"featured_media":1160,"parent":0,"menu_order":0,"comment_status":"closed","ping_status":"closed","template":"elementor_header_footer","meta":{"_acf_changed":false,"footnotes":""},"class_list":["post-314","page","type-page","status-publish","has-post-thumbnail","hentry"],"acf":[],"yoast_head":"<!-- This site is optimized with the Yoast SEO plugin v24.6 - https:\/\/yoast.com\/wordpress\/plugins\/seo\/ -->\n<title>Kontaktai - Tomas Kubilius<\/title>\n<meta name=\"description\" content=\"Domina mano paslaugos? U\u017epildykite \u0161i\u0105 anket\u0105 ir a\u0161 su Jumis susisieksiu.\" \/>\n<meta name=\"robots\" content=\"index, follow, max-snippet:-1, max-image-preview:large, max-video-preview:-1\" \/>\n<link rel=\"canonical\" href=\"https:\/\/tomaskubilius.com\/en\/kontaktai\/\" \/>\n<meta property=\"og:locale\" content=\"en_GB\" \/>\n<meta property=\"og:type\" content=\"article\" \/>\n<meta property=\"og:title\" content=\"Kontaktai - Tomas Kubilius\" \/>\n<meta property=\"og:description\" content=\"Domina mano paslaugos? U\u017epildykite \u0161i\u0105 anket\u0105 ir a\u0161 su Jumis susisieksiu.\" \/>\n<meta property=\"og:url\" content=\"https:\/\/tomaskubilius.com\/en\/kontaktai\/\" \/>\n<meta property=\"og:site_name\" content=\"Tomas Kubilius\" \/>\n<meta property=\"article:modified_time\" content=\"2024-04-11T20:35:40+00:00\" \/>\n<meta property=\"og:image\" content=\"https:\/\/tomaskubilius.com\/wp-content\/uploads\/2024\/04\/cropped-tomas-kubilius-profile-e1712179013467.jpg\" \/>\n\t<meta property=\"og:image:width\" content=\"634\" \/>\n\t<meta property=\"og:image:height\" content=\"634\" \/>\n\t<meta property=\"og:image:type\" content=\"image\/jpeg\" \/>\n<meta name=\"twitter:card\" content=\"summary_large_image\" \/>\n<meta name=\"twitter:label1\" content=\"Estimated reading time\" \/>\n\t<meta name=\"twitter:data1\" content=\"2 minutes\" \/>\n<script type=\"application\/ld+json\" class=\"yoast-schema-graph\">{\"@context\":\"https:\/\/schema.org\",\"@graph\":[{\"@type\":\"WebPage\",\"@id\":\"https:\/\/tomaskubilius.com\/kontaktai\/\",\"url\":\"https:\/\/tomaskubilius.com\/kontaktai\/\",\"name\":\"Kontaktai - Tomas Kubilius\",\"isPartOf\":{\"@id\":\"https:\/\/tomaskubilius.com\/#website\"},\"primaryImageOfPage\":{\"@id\":\"https:\/\/tomaskubilius.com\/kontaktai\/#primaryimage\"},\"image\":{\"@id\":\"https:\/\/tomaskubilius.com\/kontaktai\/#primaryimage\"},\"thumbnailUrl\":\"https:\/\/tomaskubilius.com\/wp-content\/uploads\/2024\/04\/cropped-tomas-kubilius-profile-e1712179013467.jpg\",\"datePublished\":\"2023-09-15T12:28:32+00:00\",\"dateModified\":\"2024-04-11T20:35:40+00:00\",\"description\":\"Domina mano paslaugos? U\u017epildykite \u0161i\u0105 anket\u0105 ir a\u0161 su Jumis susisieksiu.\",\"breadcrumb\":{\"@id\":\"https:\/\/tomaskubilius.com\/kontaktai\/#breadcrumb\"},\"inLanguage\":\"en-GB\",\"potentialAction\":[{\"@type\":\"ReadAction\",\"target\":[\"https:\/\/tomaskubilius.com\/kontaktai\/\"]}]},{\"@type\":\"ImageObject\",\"inLanguage\":\"en-GB\",\"@id\":\"https:\/\/tomaskubilius.com\/kontaktai\/#primaryimage\",\"url\":\"https:\/\/tomaskubilius.com\/wp-content\/uploads\/2024\/04\/cropped-tomas-kubilius-profile-e1712179013467.jpg\",\"contentUrl\":\"https:\/\/tomaskubilius.com\/wp-content\/uploads\/2024\/04\/cropped-tomas-kubilius-profile-e1712179013467.jpg\",\"width\":634,\"height\":634},{\"@type\":\"BreadcrumbList\",\"@id\":\"https:\/\/tomaskubilius.com\/kontaktai\/#breadcrumb\",\"itemListElement\":[{\"@type\":\"ListItem\",\"position\":1,\"name\":\"Prad\u017eia\",\"item\":\"https:\/\/tomaskubilius.com\/\"},{\"@type\":\"ListItem\",\"position\":2,\"name\":\"Kontaktai\"}]},{\"@type\":\"WebSite\",\"@id\":\"https:\/\/tomaskubilius.com\/#website\",\"url\":\"https:\/\/tomaskubilius.com\/\",\"name\":\"Tomas Kubilius\",\"description\":\"Skaitmenin\u0117s rinkodaros specialistas\",\"publisher\":{\"@id\":\"https:\/\/tomaskubilius.com\/#\/schema\/person\/0b4cb3662a82579228e5786d2e80a9a5\"},\"potentialAction\":[{\"@type\":\"SearchAction\",\"target\":{\"@type\":\"EntryPoint\",\"urlTemplate\":\"https:\/\/tomaskubilius.com\/?s={search_term_string}\"},\"query-input\":{\"@type\":\"PropertyValueSpecification\",\"valueRequired\":true,\"valueName\":\"search_term_string\"}}],\"inLanguage\":\"en-GB\"},{\"@type\":[\"Person\",\"Organization\"],\"@id\":\"https:\/\/tomaskubilius.com\/#\/schema\/person\/0b4cb3662a82579228e5786d2e80a9a5\",\"name\":\"Tomas Kubilius\",\"image\":{\"@type\":\"ImageObject\",\"inLanguage\":\"en-GB\",\"@id\":\"https:\/\/tomaskubilius.com\/#\/schema\/person\/image\/\",\"url\":\"https:\/\/tomaskubilius.com\/wp-content\/uploads\/2024\/04\/cropped-cropped-tomas-kubilius-profile-e1712179013467.jpg\",\"contentUrl\":\"https:\/\/tomaskubilius.com\/wp-content\/uploads\/2024\/04\/cropped-cropped-tomas-kubilius-profile-e1712179013467.jpg\",\"width\":522,\"height\":522,\"caption\":\"Tomas Kubilius\"},\"logo\":{\"@id\":\"https:\/\/tomaskubilius.com\/#\/schema\/person\/image\/\"},\"sameAs\":[\"https:\/\/tomaskubilius.com\"]}]}<\/script>\n<!-- \/ Yoast SEO plugin. -->","yoast_head_json":{"title":"Kontaktai - Tomas Kubilius","description":"Domina mano paslaugos? U\u017epildykite \u0161i\u0105 anket\u0105 ir a\u0161 su Jumis susisieksiu.","robots":{"index":"index","follow":"follow","max-snippet":"max-snippet:-1","max-image-preview":"max-image-preview:large","max-video-preview":"max-video-preview:-1"},"canonical":"https:\/\/tomaskubilius.com\/en\/kontaktai\/","og_locale":"en_GB","og_type":"article","og_title":"Kontaktai - Tomas Kubilius","og_description":"Domina mano paslaugos? U\u017epildykite \u0161i\u0105 anket\u0105 ir a\u0161 su Jumis susisieksiu.","og_url":"https:\/\/tomaskubilius.com\/en\/kontaktai\/","og_site_name":"Tomas Kubilius","article_modified_time":"2024-04-11T20:35:40+00:00","og_image":[{"width":634,"height":634,"url":"https:\/\/tomaskubilius.com\/wp-content\/uploads\/2024\/04\/cropped-tomas-kubilius-profile-e1712179013467.jpg","type":"image\/jpeg"}],"twitter_card":"summary_large_image","twitter_misc":{"Estimated reading time":"2 minutes"},"schema":{"@context":"https:\/\/schema.org","@graph":[{"@type":"WebPage","@id":"https:\/\/tomaskubilius.com\/kontaktai\/","url":"https:\/\/tomaskubilius.com\/kontaktai\/","name":"Kontaktai - Tomas Kubilius","isPartOf":{"@id":"https:\/\/tomaskubilius.com\/#website"},"primaryImageOfPage":{"@id":"https:\/\/tomaskubilius.com\/kontaktai\/#primaryimage"},"image":{"@id":"https:\/\/tomaskubilius.com\/kontaktai\/#primaryimage"},"thumbnailUrl":"https:\/\/tomaskubilius.com\/wp-content\/uploads\/2024\/04\/cropped-tomas-kubilius-profile-e1712179013467.jpg","datePublished":"2023-09-15T12:28:32+00:00","dateModified":"2024-04-11T20:35:40+00:00","description":"Domina mano paslaugos? U\u017epildykite \u0161i\u0105 anket\u0105 ir a\u0161 su Jumis susisieksiu.","breadcrumb":{"@id":"https:\/\/tomaskubilius.com\/kontaktai\/#breadcrumb"},"inLanguage":"en-GB","potentialAction":[{"@type":"ReadAction","target":["https:\/\/tomaskubilius.com\/kontaktai\/"]}]},{"@type":"ImageObject","inLanguage":"en-GB","@id":"https:\/\/tomaskubilius.com\/kontaktai\/#primaryimage","url":"https:\/\/tomaskubilius.com\/wp-content\/uploads\/2024\/04\/cropped-tomas-kubilius-profile-e1712179013467.jpg","contentUrl":"https:\/\/tomaskubilius.com\/wp-content\/uploads\/2024\/04\/cropped-tomas-kubilius-profile-e1712179013467.jpg","width":634,"height":634},{"@type":"BreadcrumbList","@id":"https:\/\/tomaskubilius.com\/kontaktai\/#breadcrumb","itemListElement":[{"@type":"ListItem","position":1,"name":"Prad\u017eia","item":"https:\/\/tomaskubilius.com\/"},{"@type":"ListItem","position":2,"name":"Kontaktai"}]},{"@type":"WebSite","@id":"https:\/\/tomaskubilius.com\/#website","url":"https:\/\/tomaskubilius.com\/","name":"Tomas Kubilius","description":"Skaitmenin\u0117s rinkodaros specialistas","publisher":{"@id":"https:\/\/tomaskubilius.com\/#\/schema\/person\/0b4cb3662a82579228e5786d2e80a9a5"},"potentialAction":[{"@type":"SearchAction","target":{"@type":"EntryPoint","urlTemplate":"https:\/\/tomaskubilius.com\/?s={search_term_string}"},"query-input":{"@type":"PropertyValueSpecification","valueRequired":true,"valueName":"search_term_string"}}],"inLanguage":"en-GB"},{"@type":["Person","Organization"],"@id":"https:\/\/tomaskubilius.com\/#\/schema\/person\/0b4cb3662a82579228e5786d2e80a9a5","name":"Tomas Kubilius","image":{"@type":"ImageObject","inLanguage":"en-GB","@id":"https:\/\/tomaskubilius.com\/#\/schema\/person\/image\/","url":"https:\/\/tomaskubilius.com\/wp-content\/uploads\/2024\/04\/cropped-cropped-tomas-kubilius-profile-e1712179013467.jpg","contentUrl":"https:\/\/tomaskubilius.com\/wp-content\/uploads\/2024\/04\/cropped-cropped-tomas-kubilius-profile-e1712179013467.jpg","width":522,"height":522,"caption":"Tomas Kubilius"},"logo":{"@id":"https:\/\/tomaskubilius.com\/#\/schema\/person\/image\/"},"sameAs":["https:\/\/tomaskubilius.com"]}]}},"_links":{"self":[{"href":"https:\/\/tomaskubilius.com\/en\/wp-json\/wp\/v2\/pages\/314","targetHints":{"allow":["GET"]}}],"collection":[{"href":"https:\/\/tomaskubilius.com\/en\/wp-json\/wp\/v2\/pages"}],"about":[{"href":"https:\/\/tomaskubilius.com\/en\/wp-json\/wp\/v2\/types\/page"}],"author":[{"embeddable":true,"href":"https:\/\/tomaskubilius.com\/en\/wp-json\/wp\/v2\/users\/1"}],"replies":[{"embeddable":true,"href":"https:\/\/tomaskubilius.com\/en\/wp-json\/wp\/v2\/comments?post=314"}],"version-history":[{"count":36,"href":"https:\/\/tomaskubilius.com\/en\/wp-json\/wp\/v2\/pages\/314\/revisions"}],"predecessor-version":[{"id":1383,"href":"https:\/\/tomaskubilius.com\/en\/wp-json\/wp\/v2\/pages\/314\/revisions\/1383"}],"wp:featuredmedia":[{"embeddable":true,"href":"https:\/\/tomaskubilius.com\/en\/wp-json\/wp\/v2\/media\/1160"}],"wp:attachment":[{"href":"https:\/\/tomaskubilius.com\/en\/wp-json\/wp\/v2\/media?parent=314"}],"curies":[{"name":"wp","href":"https:\/\/api.w.org\/{rel}","templated":true}]}}